{"id":306,"date":"2022-10-25T12:08:37","date_gmt":"2022-10-25T10:08:37","guid":{"rendered":"https:\/\/mecalv.com\/monelectricien\/?page_id=306"},"modified":"2024-05-03T12:16:02","modified_gmt":"2024-05-03T10:16:02","slug":"normes-electricite","status":"publish","type":"page","link":"https:\/\/mecalv.com\/monelectricien\/normes-electricite\/","title":{"rendered":"Comment savoir si l&#8217;\u00e9lectricit\u00e9 est aux normes ?"},"content":{"rendered":"[vc_row type=&#8221;in_container&#8221; full_screen_row_position=&#8221;middle&#8221; column_margin=&#8221;default&#8221; column_direction=&#8221;default&#8221; column_direction_tablet=&#8221;default&#8221; column_direction_phone=&#8221;default&#8221; scene_position=&#8221;center&#8221; top_padding=&#8221;3%&#8221; bottom_padding=&#8221;5%&#8221; left_padding_desktop=&#8221;5%&#8221; constrain_group_2=&#8221;yes&#8221; right_padding_desktop=&#8221;5%&#8221; text_color=&#8221;dark&#8221; text_align=&#8221;left&#8221; row_border_radius=&#8221;none&#8221; row_border_radius_applies=&#8221;bg&#8221; overflow=&#8221;visible&#8221; advanced_gradient_angle=&#8221;0&#8243; overlay_strength=&#8221;0.3&#8243; gradient_direction=&#8221;left_to_right&#8221; shape_divider_position=&#8221;bottom&#8221; bg_image_animation=&#8221;none&#8221; gradient_type=&#8221;default&#8221; shape_type=&#8221;&#8221;][vc_column column_padding=&#8221;no-extra-padding&#8221; column_padding_tablet=&#8221;inherit&#8221; column_padding_phone=&#8221;inherit&#8221; column_padding_position=&#8221;all&#8221; column_element_spacing=&#8221;default&#8221; background_color_opacity=&#8221;1&#8243; background_hover_color_opacity=&#8221;1&#8243; column_shadow=&#8221;none&#8221; column_border_radius=&#8221;none&#8221; column_link_target=&#8221;_self&#8221; column_position=&#8221;default&#8221; gradient_direction=&#8221;left_to_right&#8221; overlay_strength=&#8221;0.3&#8243; width=&#8221;1\/1&#8243; tablet_width_inherit=&#8221;default&#8221; tablet_text_alignment=&#8221;default&#8221; phone_text_alignment=&#8221;default&#8221; animation_type=&#8221;default&#8221; bg_image_animation=&#8221;none&#8221; border_type=&#8221;simple&#8221; column_border_width=&#8221;none&#8221; column_border_style=&#8221;solid&#8221;][vc_column_text]L\u2019\u00e9lectricit\u00e9 est une \u00e9nergie qui co\u00fbte tr\u00e8s cher. Si elle n\u2019est pas aux normes, sa consommation peut repr\u00e9senter un co\u00fbt important dans votre budget, sans compter les d\u00e9g\u00e2ts ou les accidents domestiques graves qu\u2019un d\u00e9faut peut provoquer. Pour votre confort et votre s\u00e9curit\u00e9, il est donc important de faire v\u00e9rifier par un <a href=\"\/\">\u00e9lectricien professionnel<\/a> que votre installation \u00e9lectrique est conforme \u00e0 la norme fran\u00e7aise NF C 15-100.<\/p>\n<p>Cette derni\u00e8re impose des r\u00e8gles de construction, de r\u00e9alisation, de v\u00e9rification et d\u2019entretien des installations basse tension d\u2019un lieu. Elle va d\u00e9finir le choix de vos interrupteurs, prises \u00e9lectriques, la couleur des fils que vous utiliserez (eh oui !) et de vos autres appareils. En 2021, 7 millions de foyers de France hexagonale \u00e9taient non-conformes aux r\u00e8gles en vigueur et de nombreux accidents domestiques li\u00e9s \u00e0 cela ont eu lieu.<\/p>\n<p>Voici donc 5 astuces pour savoir si votre installation \u00e9lectrique est aux normes.[\/vc_column_text][image_with_animation image_url=&#8221;308&#8243; image_size=&#8221;full&#8221; animation_type=&#8221;entrance&#8221; animation=&#8221;None&#8221; hover_animation=&#8221;none&#8221; alignment=&#8221;center&#8221; border_radius=&#8221;none&#8221; box_shadow=&#8221;none&#8221; image_loading=&#8221;lazy-load&#8221; max_width=&#8221;100%&#8221; max_width_mobile=&#8221;default&#8221;][vc_column_text]\n<h2>Pourquoi faut-il v\u00e9rifier ses installations \u00e9lectriques ?<\/h2>\n<p>Si vous vous installez dans votre nouveau logement qui n\u2019est pas neuf ou que vous vivez dans un logement depuis d\u00e9j\u00e0 de nombreuses ann\u00e9es, il est imp\u00e9ratif de <a href=\"https:\/\/mecalv.com\/monelectricien\/installation-electrique-conforme\/\">v\u00e9rifier toutes vos installations \u00e9lectriques<\/a>. En effet, celles-ci peuvent se d\u00e9grader avec le temps. De nombreux dysfonctionnements invisibles sont peut-\u00eatre pr\u00e9sents et peuvent avoir des cons\u00e9quences plus tard. Pour votre s\u00e9curit\u00e9 et votre bien-\u00eatre, il faut prendre le temps de tout regarder (fissures, pr\u00e9sence de courts-circuits, etc.). Si vous v\u00e9rifiez toutes ces choses, vous avez alors une vision d\u2019ensemble des <a href=\"https:\/\/mecalv.com\/monelectricien\/comment-estimer-les-travaux-delectricite\/\">travaux \u00e0 faire pour \u00eatre aux normes<\/a>. Veillez tout de m\u00eame \u00e0 faire examiner vos installations une seconde fois par un professionnel.<\/p>\n<h2>Que faut-il v\u00e9rifier et comment ?<\/h2>\n<p>Commencez par votre tableau \u00e9lectrique. Il se compose de votre disjoncteur g\u00e9n\u00e9ral &#8211; qui vous permet de couper manuellement l\u2019alimentation en \u00e9lectricit\u00e9 et qui est compl\u00e9mentaire \u00e0 votre dispositif diff\u00e9rentiel (lui aussi \u00e0 v\u00e9rifier) &#8211; et de vos disjoncteurs de protection &#8211; qui d\u00e9tectent les surintensit\u00e9s. Ce sont des points essentiels \u00e0 analyser. Si votre logement fait 35 m\u00b2 ou moins, vous devez en poss\u00e9der 2 minimum. Si votre surface s&#8217;\u00e9tale sur moins de 100 m\u00b2, vous en compterez 3. Si elle est sup\u00e9rieure \u00e0 100 m\u00b2, comptez-en 4.<\/p>\n<p>Vous devez aussi porter attention \u00e0 l\u2019\u00e9tat des prises \u00e9lectriques de toutes vos pi\u00e8ces. Elles sont munies d\u2019une borne de terre, c\u2019est-\u00e0-dire d\u2019une tige en m\u00e9tal qui se situe au-dessus de deux autres bornes. Ne l\u2019oublions pas, avec leur utilisation fr\u00e9quente, elles peuvent s\u2019ab\u00eemer ou se d\u00e9coller de votre mur.[\/vc_column_text][image_with_animation image_url=&#8221;309&#8243; image_size=&#8221;full&#8221; animation_type=&#8221;entrance&#8221; animation=&#8221;None&#8221; hover_animation=&#8221;none&#8221; alignment=&#8221;center&#8221; border_radius=&#8221;none&#8221; box_shadow=&#8221;none&#8221; image_loading=&#8221;lazy-load&#8221; max_width=&#8221;100%&#8221; max_width_mobile=&#8221;default&#8221;][vc_column_text]Prenez garde \u00e0 l\u2019apparence des c\u00e2bles \u00e9lectriques &#8211; surtout s&#8217;ils ne sont plus prot\u00e9g\u00e9s et que les fils sont apparents &#8211; et aux autres c\u00e2bles\/installations qui peuvent se r\u00e9v\u00e9ler v\u00e9tustes et donc provoquer des incendies \u00e9lectriques. Ils doivent \u00eatre prot\u00e9g\u00e9s dans des gaines \u2013 conduits isolants qui permettent d\u2019y faire passer des fils \u2013, des plinthes isolantes \u2013 pour masquer les fils et les c\u00e2bles \u2013 ou des goulottes \u2013 des conduits de fils.<\/p>\n<p>Vos pi\u00e8ces d\u2019eau doivent comporter ce qu\u2019on appelle une liaison exponentielle afin de limiter les risques li\u00e9s \u00e0 l\u2019\u00e9lectrocution. Vous devez respecter certaines r\u00e8gles : les ampoules doivent se trouver \u00e0 2,25 m au-dessus de votre baignoire ou de votre douche et vos prises \u00e0 moins de 60 cm de celle-ci. Derni\u00e8re chose, v\u00e9rifiez bien les ampoules de votre lieu de vie et pensez \u00e0 utiliser des ampoules \u00e0 faible consommation beaucoup moins \u00e9nergivores. C\u2019est le cas notamment des ampoules dites fluo compactes.<\/p>\n<p>N\u2019h\u00e9sitez pas \u00e0 faire appel \u00e0 un professionnel qualifi\u00e9 ou \u00e0 votre assurance \u201cd\u00e9pannage d\u2019urgence&#8221; si vous en poss\u00e9dez une afin de prendre en charge ces d\u00e9marches. Ne vous risquez surtout pas \u00e0 entreprendre des travaux seul.<\/p>\n<h2>Combien co\u00fbte une bonne installation \u00e9lectrique ?<\/h2>\n<p>Il est impossible de donner par avance un tarif car tout cela d\u00e9pend de beaucoup de param\u00e8tres : votre ville, l\u2019anciennet\u00e9 de votre logement, le diagnostic final d\u2019un professionnel, etc. Sachez tout de m\u00eame que cela repr\u00e9sente un budget \u00e0 pr\u00e9voir ! Le mieux reste de comparer le rapport qualit\u00e9-prix de quelques professionnels et les avis d\u2019autres clients disponibles sur Internet, et de choisir la meilleure option financi\u00e8re pour vous. N\u2019h\u00e9sitez pas non plus \u00e0 demander des devis et \u00e0 consulter les diff\u00e9rentes <a href=\"https:\/\/mecalv.com\/monelectricien\/aides-renovation-electrique\/\">aides qui existent pour les travaux d&#8217;\u00e9lectricit\u00e9<\/a>.[\/vc_column_text][\/vc_column][\/vc_row]\n","protected":false},"excerpt":{"rendered":"<p>[vc_row type=&#8221;in_container&#8221; full_screen_row_position=&#8221;middle&#8221; column_margin=&#8221;default&#8221; column_direction=&#8221;default&#8221; column_direction_tablet=&#8221;default&#8221; column_direction_phone=&#8221;default&#8221; scene_position=&#8221;center&#8221; top_padding=&#8221;3%&#8221; bottom_padding=&#8221;5%&#8221; left_padding_desktop=&#8221;5%&#8221; constrain_group_2=&#8221;yes&#8221; right_padding_desktop=&#8221;5%&#8221; text_color=&#8221;dark&#8221; text_align=&#8221;left&#8221; row_border_radius=&#8221;none&#8221; row_border_radius_applies=&#8221;bg&#8221; overflow=&#8221;visible&#8221; advanced_gradient_angle=&#8221;0&#8243; overlay_strength=&#8221;0.3&#8243; gradient_direction=&#8221;left_to_right&#8221; shape_divider_position=&#8221;bottom&#8221; bg_image_animation=&#8221;none&#8221; gradient_type=&#8221;default&#8221; shape_type=&#8221;&#8221;][vc_column column_padding=&#8221;no-extra-padding&#8221; column_padding_tablet=&#8221;inherit&#8221; column_padding_phone=&#8221;inherit&#8221; column_padding_position=&#8221;all&#8221; column_element_spacing=&#8221;default&#8221;&#8230;<\/p>\n","protected":false},"author":2,"featured_media":308,"parent":0,"menu_order":0,"comment_status":"closed","ping_status":"closed","template":"","meta":{"footnotes":""},"class_list":["post-306","page","type-page","status-publish","has-post-thumbnail"],"yoast_head":"<!-- This site is optimized with the Yoast SEO plugin v27.1.1 - https:\/\/yoast.com\/product\/yoast-seo-wordpress\/ -->\n<title>Notre guide pour savoir si votre \u00e9lectricit\u00e9 est aux normes<\/title>\n<meta name=\"description\" content=\"L\u2019\u00e9lectricit\u00e9 est une \u00e9nergie qui co\u00fbte cher, si elle n\u2019est pas aux normes, sa conso peut repr\u00e9senter un co\u00fbt important pour votre budget\" \/>\n<meta name=\"robots\" content=\"index, follow, max-snippet:-1, max-image-preview:large, max-video-preview:-1\" \/>\n<link rel=\"canonical\" href=\"https:\/\/mecalv.com\/monelectricien\/normes-electricite\/\" \/>\n<meta property=\"og:locale\" content=\"fr_FR\" \/>\n<meta property=\"og:type\" content=\"article\" \/>\n<meta property=\"og:title\" content=\"Notre guide pour savoir si votre \u00e9lectricit\u00e9 est aux normes\" \/>\n<meta property=\"og:description\" content=\"L\u2019\u00e9lectricit\u00e9 est une \u00e9nergie qui co\u00fbte cher, si elle n\u2019est pas aux normes, sa conso peut repr\u00e9senter un co\u00fbt important pour votre budget\" \/>\n<meta property=\"og:url\" content=\"https:\/\/mecalv.com\/monelectricien\/normes-electricite\/\" \/>\n<meta property=\"og:site_name\" content=\"Mon Electricien\" \/>\n<meta property=\"article:modified_time\" content=\"2024-05-03T10:16:02+00:00\" \/>\n<meta property=\"og:image\" content=\"https:\/\/mecalv.com\/monelectricien\/wp-content\/uploads\/sites\/3\/2022\/10\/mise-aux-normes-electrique.jpeg\" \/>\n\t<meta property=\"og:image:width\" content=\"850\" \/>\n\t<meta property=\"og:image:height\" content=\"567\" \/>\n\t<meta property=\"og:image:type\" content=\"image\/jpeg\" \/>\n<meta name=\"twitter:card\" content=\"summary_large_image\" \/>\n<meta name=\"twitter:label1\" content=\"Dur\u00e9e de lecture estim\u00e9e\" \/>\n\t<meta name=\"twitter:data1\" content=\"5 minutes\" \/>\n<!-- \/ Yoast SEO plugin. -->","yoast_head_json":{"title":"Notre guide pour savoir si votre \u00e9lectricit\u00e9 est aux normes","description":"L\u2019\u00e9lectricit\u00e9 est une \u00e9nergie qui co\u00fbte cher, si elle n\u2019est pas aux normes, sa conso peut repr\u00e9senter un co\u00fbt important pour votre budget","robots":{"index":"index","follow":"follow","max-snippet":"max-snippet:-1","max-image-preview":"max-image-preview:large","max-video-preview":"max-video-preview:-1"},"canonical":"https:\/\/mecalv.com\/monelectricien\/normes-electricite\/","og_locale":"fr_FR","og_type":"article","og_title":"Notre guide pour savoir si votre \u00e9lectricit\u00e9 est aux normes","og_description":"L\u2019\u00e9lectricit\u00e9 est une \u00e9nergie qui co\u00fbte cher, si elle n\u2019est pas aux normes, sa conso peut repr\u00e9senter un co\u00fbt important pour votre budget","og_url":"https:\/\/mecalv.com\/monelectricien\/normes-electricite\/","og_site_name":"Mon Electricien","article_modified_time":"2024-05-03T10:16:02+00:00","og_image":[{"width":850,"height":567,"url":"https:\/\/mecalv.com\/monelectricien\/wp-content\/uploads\/sites\/3\/2022\/10\/mise-aux-normes-electrique.jpeg","type":"image\/jpeg"}],"twitter_card":"summary_large_image","twitter_misc":{"Dur\u00e9e de lecture estim\u00e9e":"5 minutes"},"schema":{"@context":"https:\/\/schema.org","@graph":[{"@type":"WebPage","@id":"https:\/\/mecalv.com\/monelectricien\/normes-electricite\/","url":"https:\/\/mecalv.com\/monelectricien\/normes-electricite\/","name":"Notre guide pour savoir si votre \u00e9lectricit\u00e9 est aux normes","isPartOf":{"@id":"https:\/\/mecalv.com\/monelectricien\/#website"},"primaryImageOfPage":{"@id":"https:\/\/mecalv.com\/monelectricien\/normes-electricite\/#primaryimage"},"image":{"@id":"https:\/\/mecalv.com\/monelectricien\/normes-electricite\/#primaryimage"},"thumbnailUrl":"https:\/\/mecalv.com\/monelectricien\/wp-content\/uploads\/sites\/3\/2022\/10\/mise-aux-normes-electrique.jpeg","datePublished":"2022-10-25T10:08:37+00:00","dateModified":"2024-05-03T10:16:02+00:00","description":"L\u2019\u00e9lectricit\u00e9 est une \u00e9nergie qui co\u00fbte cher, si elle n\u2019est pas aux normes, sa conso peut repr\u00e9senter un co\u00fbt important pour votre budget","breadcrumb":{"@id":"https:\/\/mecalv.com\/monelectricien\/normes-electricite\/#breadcrumb"},"inLanguage":"fr-FR","potentialAction":[{"@type":"ReadAction","target":["https:\/\/mecalv.com\/monelectricien\/normes-electricite\/"]}]},{"@type":"ImageObject","inLanguage":"fr-FR","@id":"https:\/\/mecalv.com\/monelectricien\/normes-electricite\/#primaryimage","url":"https:\/\/mecalv.com\/monelectricien\/wp-content\/uploads\/sites\/3\/2022\/10\/mise-aux-normes-electrique.jpeg","contentUrl":"https:\/\/mecalv.com\/monelectricien\/wp-content\/uploads\/sites\/3\/2022\/10\/mise-aux-normes-electrique.jpeg","width":850,"height":567,"caption":"mise aux normes electrique"},{"@type":"BreadcrumbList","@id":"https:\/\/mecalv.com\/monelectricien\/normes-electricite\/#breadcrumb","itemListElement":[{"@type":"ListItem","position":1,"name":"Accueil","item":"https:\/\/mecalv.com\/monelectricien\/"},{"@type":"ListItem","position":2,"name":"Comment savoir si l&#8217;\u00e9lectricit\u00e9 est aux normes ?"}]},{"@type":"WebSite","@id":"https:\/\/mecalv.com\/monelectricien\/#website","url":"https:\/\/mecalv.com\/monelectricien\/","name":"Mon Electricien","description":"","potentialAction":[{"@type":"SearchAction","target":{"@type":"EntryPoint","urlTemplate":"https:\/\/mecalv.com\/monelectricien\/?s={search_term_string}"},"query-input":{"@type":"PropertyValueSpecification","valueRequired":true,"valueName":"search_term_string"}}],"inLanguage":"fr-FR"}]}},"_links":{"self":[{"href":"https:\/\/mecalv.com\/monelectricien\/wp-json\/wp\/v2\/pages\/306","targetHints":{"allow":["GET"]}}],"collection":[{"href":"https:\/\/mecalv.com\/monelectricien\/wp-json\/wp\/v2\/pages"}],"about":[{"href":"https:\/\/mecalv.com\/monelectricien\/wp-json\/wp\/v2\/types\/page"}],"author":[{"embeddable":true,"href":"https:\/\/mecalv.com\/monelectricien\/wp-json\/wp\/v2\/users\/2"}],"replies":[{"embeddable":true,"href":"https:\/\/mecalv.com\/monelectricien\/wp-json\/wp\/v2\/comments?post=306"}],"version-history":[{"count":4,"href":"https:\/\/mecalv.com\/monelectricien\/wp-json\/wp\/v2\/pages\/306\/revisions"}],"predecessor-version":[{"id":423,"href":"https:\/\/mecalv.com\/monelectricien\/wp-json\/wp\/v2\/pages\/306\/revisions\/423"}],"wp:featuredmedia":[{"embeddable":true,"href":"https:\/\/mecalv.com\/monelectricien\/wp-json\/wp\/v2\/media\/308"}],"wp:attachment":[{"href":"https:\/\/mecalv.com\/monelectricien\/wp-json\/wp\/v2\/media?parent=306"}],"curies":[{"name":"wp","href":"https:\/\/api.w.org\/{rel}","templated":true}]}}