{"id":311,"date":"2022-10-25T12:19:36","date_gmt":"2022-10-25T10:19:36","guid":{"rendered":"https:\/\/mecalv.com\/monelectricien\/?page_id=311"},"modified":"2024-03-05T16:37:18","modified_gmt":"2024-03-05T15:37:18","slug":"installation-electrique-conforme","status":"publish","type":"page","link":"https:\/\/mecalv.com\/monelectricien\/installation-electrique-conforme\/","title":{"rendered":"Les r\u00e8gles de base pour une installation \u00e9lectrique conforme"},"content":{"rendered":"[vc_row type=&#8221;in_container&#8221; full_screen_row_position=&#8221;middle&#8221; column_margin=&#8221;default&#8221; column_direction=&#8221;default&#8221; column_direction_tablet=&#8221;default&#8221; column_direction_phone=&#8221;default&#8221; scene_position=&#8221;center&#8221; top_padding=&#8221;3%&#8221; bottom_padding=&#8221;5%&#8221; left_padding_desktop=&#8221;5%&#8221; constrain_group_2=&#8221;yes&#8221; right_padding_desktop=&#8221;5%&#8221; text_color=&#8221;dark&#8221; text_align=&#8221;left&#8221; row_border_radius=&#8221;none&#8221; row_border_radius_applies=&#8221;bg&#8221; overflow=&#8221;visible&#8221; advanced_gradient_angle=&#8221;0&#8243; overlay_strength=&#8221;0.3&#8243; gradient_direction=&#8221;left_to_right&#8221; shape_divider_position=&#8221;bottom&#8221; bg_image_animation=&#8221;none&#8221; gradient_type=&#8221;default&#8221; shape_type=&#8221;&#8221;][vc_column column_padding=&#8221;no-extra-padding&#8221; column_padding_tablet=&#8221;inherit&#8221; column_padding_phone=&#8221;inherit&#8221; column_padding_position=&#8221;all&#8221; column_element_spacing=&#8221;default&#8221; background_color_opacity=&#8221;1&#8243; background_hover_color_opacity=&#8221;1&#8243; column_shadow=&#8221;none&#8221; column_border_radius=&#8221;none&#8221; column_link_target=&#8221;_self&#8221; column_position=&#8221;default&#8221; gradient_direction=&#8221;left_to_right&#8221; overlay_strength=&#8221;0.3&#8243; width=&#8221;1\/1&#8243; tablet_width_inherit=&#8221;default&#8221; tablet_text_alignment=&#8221;default&#8221; phone_text_alignment=&#8221;default&#8221; animation_type=&#8221;default&#8221; bg_image_animation=&#8221;none&#8221; border_type=&#8221;simple&#8221; column_border_width=&#8221;none&#8221; column_border_style=&#8221;solid&#8221;][vc_column_text]En France, les installations \u00e9lectriques sont soumises, pour votre s\u00e9curit\u00e9, \u00e0 la norme NF C 15-100. Depuis 1969, elle d\u00e9finit les conditions de fabrication, d\u2019am\u00e9nagement et de r\u00e9alisation de vos installations domestiques. Elle est obligatoire pour les logements neufs, pour vos projets de r\u00e9novation \u00e9lectrique et pour vos d\u00e9sirs d\u2019extension d\u2019une ou de plusieurs pi\u00e8ces. Cela assure, ainsi, le bon fonctionnement de votre \u00e9quipement et de votre mat\u00e9riel.<\/p>\n<p>\u00c9vitez d\u2019entreprendre ces d\u00e9marches par vous-m\u00eame car elles sont lourdes et demandent du savoir-faire mais faites appel \u00e0 une <a href=\"\/\">entreprise d&#8217;\u00e9lectricit\u00e9 en martinique<\/a>. Si vous devez envisager des travaux de mise en conformit\u00e9, abstenez-vous donc de faire appel au cousin de la tante de votre grand-m\u00e8re, sauf si celui-ci travaille dans ce domaine. Cela vous \u00e9vitera des travaux qui tra\u00eenent en longueur, une somme d\u2019argent astronomique d\u00e9pens\u00e9e inutilement ou une attestation de conformit\u00e9 refus\u00e9e (nous reviendrons sur son importance plus tard !).[\/vc_column_text][image_with_animation image_url=&#8221;313&#8243; image_size=&#8221;full&#8221; animation_type=&#8221;entrance&#8221; animation=&#8221;None&#8221; hover_animation=&#8221;none&#8221; alignment=&#8221;center&#8221; border_radius=&#8221;none&#8221; box_shadow=&#8221;none&#8221; image_loading=&#8221;lazy-load&#8221; max_width=&#8221;100%&#8221; max_width_mobile=&#8221;default&#8221;][vc_column_text]\n<h2>Pourquoi mettre son logement aux normes ?<\/h2>\n<p>Tout d\u2019abord pour une question de s\u00e9curit\u00e9. Tous les logements neufs en sont \u00e9quip\u00e9s d\u2019office. Cependant, pour ceux qui sont plus anciens, il est pr\u00e9f\u00e9rable de les faire changer pour qu\u2019ils soient en conformit\u00e9 avec la loi et pour \u00e9viter les accidents domestiques, comme par exemple les \u00e9lectrocutions qui sont tr\u00e8s fr\u00e9quentes. Cette proc\u00e9dure s\u2019effectue aussi pour des <a href=\"\/reduire-facture-electricite-entreprise\/\">questions de confort et de co\u00fbt<\/a>. Sans cette norme, un grand nombre de logements seraient lou\u00e9s ou vendus avec du mat\u00e9riel d\u00e9fectueux ou des d\u00e9faillances techniques pouvant, notamment, causer des incendies.<\/p>\n<h2>Quelles sont les normes \u00e0 respecter ?<\/h2>\n<p>Pour faire une <a href=\"https:\/\/mecalv.com\/monelectricien\/normes-electricite\/\">mise aux normes<\/a>, vous devez d\u2019abord v\u00e9rifier l\u2019alimentation \u00e9lectrique dans votre logement. Il doit b\u00e9n\u00e9ficier d\u2019un disjoncteur depuis un tableau \u00e9lectrique et \u00eatre rattach\u00e9 \u00e0 un compteur \u00e9lectrique. Le raccordement \u00e0 la terre est important car cela permet d\u2019\u00e9vacuer l\u2019\u00e9lectricit\u00e9 et de s\u00e9curiser l\u2019installation \u00e9lectrique. Votre logement a aussi besoin d\u2019interrupteurs diff\u00e9rentiels de type A ou AC.<\/p>\n<p>Selon cette norme, toutes les pi\u00e8ces de votre maison sont soumises \u00e0 des adaptations et \u00e0 un \u00e9clairage central. Ce dernier est command\u00e9 par un interrupteur \u00e0 l\u2019entr\u00e9e de la pi\u00e8ce, \u00e0 0,90 m de hauteur minimum et \u00e0 1,3 m maximum, dans la Gaine Technique Logement (l\u2019emplacement o\u00f9 converge les r\u00e9seaux d&#8217;\u00e9nergie et de communication).[\/vc_column_text][image_with_animation image_url=&#8221;314&#8243; image_size=&#8221;full&#8221; animation_type=&#8221;entrance&#8221; animation=&#8221;None&#8221; hover_animation=&#8221;none&#8221; alignment=&#8221;center&#8221; border_radius=&#8221;none&#8221; box_shadow=&#8221;none&#8221; image_loading=&#8221;lazy-load&#8221; max_width=&#8221;100%&#8221; max_width_mobile=&#8221;default&#8221;][vc_column_text]On ne dirait pas comme \u00e7a, mais ces pi\u00e8ces doivent se plier \u00e0 des r\u00e8gles (tr\u00e8s !) pr\u00e9cises et strictes concernant le nombre de prises.<\/p>\n<p>Dans vos chambres, vous devez avoir 3 prises minimum, obligatoirement dans les coins, et 1 prise multim\u00e9dia RJ45 (prise Ethernet). Votre cuisine doit comporter 6 prises \u00e9lectriques minimum si elle fait 4 m\u00b2 ou plus. 4 d&#8217;entre elles doivent \u00eatre au-dessus de votre plan de travail. Sur toutes ces prises, 3 doivent \u00eatre sp\u00e9cialis\u00e9es et une prise doit \u00eatre mise en suppl\u00e9ment pour alimenter la hotte. Si cette pi\u00e8ce fait moins de 4 m\u00b2, 3 prises minimum sont requises. Pour votre salle de bain, une prise rasoir ainsi qu\u2019une prise \u00e9lectrique sont n\u00e9cessaires tous les 4 m\u00b2 (avec un minimum de 5 socles, 6 pour les pi\u00e8ces de plus de 24 m\u00b2 et 7 pour celles de 28 m\u00b2 ou plus). Les circuits \u00e9lectriques doivent \u00eatre reli\u00e9s \u00e0 un interrupteur diff\u00e9rentiel 30 mA. Un salon inf\u00e9rieur \u00e0 28 m\u00b2 doit contenir 5 prises de courant. S&#8217;il est sup\u00e9rieur \u00e0 28 m\u00b2, cela passe \u00e0 7, sans oublier 2 prises multim\u00e9dias RJ45 juxtapos\u00e9es.<\/p>\n<p>Les autres pi\u00e8ces de votre maison de plus de 4 m\u00b2 doivent comporter au moins une prise pour \u00eatre conformes.<\/p>\n<p>Il est recommand\u00e9, pour les habitations situ\u00e9es dans les d\u00e9partements \u00e0 risque, de poss\u00e9der un parafoudre sur votre tableau \u00e9lectrique. Pensez \u00e0 consulter les diff\u00e9rentes <a href=\"https:\/\/mecalv.com\/monelectricien\/aides-renovation-electrique\/\">aides pour les travaux d&#8217;\u00e9lectricit\u00e9<\/a> pour vous faire financer une partie de votre projet !<\/p>\n<h2>L\u2019attestation de conformit\u00e9<\/h2>\n<p>Pour les constructions neuves, cette attestation est obligatoire pour prouver la conformit\u00e9 des lieux ou pour r\u00e9tablir le courant apr\u00e8s que des d\u00e9fauts soient rep\u00e9r\u00e9s. C\u2019est un inspecteur qui viendra constater les travaux et qui vous le remettra, suite \u00e0 un examen des installations \u00e9lectriques. Ce document est d\u00e9livr\u00e9 par le CONSUEL (Comit\u00e9 National pour la S\u00e9curit\u00e9 de Usagers de l\u2019\u00c9lectricit\u00e9), apr\u00e8s demande au Cerfa, par le professionnel qui a pris en charge les travaux.<\/p>\n<h3>Avoir une maison aux normes est tr\u00e8s important !<\/h3>\n<p>Cela vous \u00e9vitera d&#8217;initier des d\u00e9marches longues et co\u00fbteuses. Pensez \u00e0 faire v\u00e9rifier votre installation \u00e9lectrique tous les dix ans environ car la norme NF C 15-100 \u00e9volue souvent pour s\u2019adapter aux besoins. Un professionnel pourra vous conseiller dans cette d\u00e9marche et vous proposez des solutions adapt\u00e9es.[\/vc_column_text][\/vc_column][\/vc_row]\n","protected":false},"excerpt":{"rendered":"<p>[vc_row type=&#8221;in_container&#8221; full_screen_row_position=&#8221;middle&#8221; column_margin=&#8221;default&#8221; column_direction=&#8221;default&#8221; column_direction_tablet=&#8221;default&#8221; column_direction_phone=&#8221;default&#8221; scene_position=&#8221;center&#8221; top_padding=&#8221;3%&#8221; bottom_padding=&#8221;5%&#8221; left_padding_desktop=&#8221;5%&#8221; constrain_group_2=&#8221;yes&#8221; right_padding_desktop=&#8221;5%&#8221; text_color=&#8221;dark&#8221; text_align=&#8221;left&#8221; row_border_radius=&#8221;none&#8221; row_border_radius_applies=&#8221;bg&#8221; overflow=&#8221;visible&#8221; advanced_gradient_angle=&#8221;0&#8243; overlay_strength=&#8221;0.3&#8243; gradient_direction=&#8221;left_to_right&#8221; shape_divider_position=&#8221;bottom&#8221; bg_image_animation=&#8221;none&#8221; gradient_type=&#8221;default&#8221; shape_type=&#8221;&#8221;][vc_column column_padding=&#8221;no-extra-padding&#8221; column_padding_tablet=&#8221;inherit&#8221; column_padding_phone=&#8221;inherit&#8221; column_padding_position=&#8221;all&#8221; column_element_spacing=&#8221;default&#8221;&#8230;<\/p>\n","protected":false},"author":2,"featured_media":312,"parent":0,"menu_order":0,"comment_status":"closed","ping_status":"closed","template":"","meta":{"footnotes":""},"class_list":["post-311","page","type-page","status-publish","has-post-thumbnail"],"yoast_head":"<!-- This site is optimized with the Yoast SEO plugin v27.1.1 - https:\/\/yoast.com\/product\/yoast-seo-wordpress\/ -->\n<title>Quels sont les r\u00e8gles pour une installation \u00e9lectrique conforme ?<\/title>\n<meta name=\"description\" content=\"Les installations \u00e9lectriques sont soumises \u00e0 la norme NF C 15-100 qui d\u00e9finit les conditions de fabrication, d\u2019am\u00e9nagement et de r\u00e9alisation\" \/>\n<meta name=\"robots\" content=\"index, follow, max-snippet:-1, max-image-preview:large, max-video-preview:-1\" \/>\n<link rel=\"canonical\" href=\"https:\/\/mecalv.com\/monelectricien\/installation-electrique-conforme\/\" \/>\n<meta property=\"og:locale\" content=\"fr_FR\" \/>\n<meta property=\"og:type\" content=\"article\" \/>\n<meta property=\"og:title\" content=\"Quels sont les r\u00e8gles pour une installation \u00e9lectrique conforme ?\" \/>\n<meta property=\"og:description\" content=\"Les installations \u00e9lectriques sont soumises \u00e0 la norme NF C 15-100 qui d\u00e9finit les conditions de fabrication, d\u2019am\u00e9nagement et de r\u00e9alisation\" \/>\n<meta property=\"og:url\" content=\"https:\/\/mecalv.com\/monelectricien\/installation-electrique-conforme\/\" \/>\n<meta property=\"og:site_name\" content=\"Mon Electricien\" \/>\n<meta property=\"article:modified_time\" content=\"2024-03-05T15:37:18+00:00\" \/>\n<meta property=\"og:image\" content=\"https:\/\/mecalv.com\/monelectricien\/wp-content\/uploads\/sites\/3\/2022\/10\/installation-e\u0301lectrique-conforme.jpeg\" \/>\n\t<meta property=\"og:image:width\" content=\"1100\" \/>\n\t<meta property=\"og:image:height\" content=\"734\" \/>\n\t<meta property=\"og:image:type\" content=\"image\/jpeg\" \/>\n<meta name=\"twitter:card\" content=\"summary_large_image\" \/>\n<meta name=\"twitter:label1\" content=\"Dur\u00e9e de lecture estim\u00e9e\" \/>\n\t<meta name=\"twitter:data1\" content=\"5 minutes\" \/>\n<!-- \/ Yoast SEO plugin. -->","yoast_head_json":{"title":"Quels sont les r\u00e8gles pour une installation \u00e9lectrique conforme ?","description":"Les installations \u00e9lectriques sont soumises \u00e0 la norme NF C 15-100 qui d\u00e9finit les conditions de fabrication, d\u2019am\u00e9nagement et de r\u00e9alisation","robots":{"index":"index","follow":"follow","max-snippet":"max-snippet:-1","max-image-preview":"max-image-preview:large","max-video-preview":"max-video-preview:-1"},"canonical":"https:\/\/mecalv.com\/monelectricien\/installation-electrique-conforme\/","og_locale":"fr_FR","og_type":"article","og_title":"Quels sont les r\u00e8gles pour une installation \u00e9lectrique conforme ?","og_description":"Les installations \u00e9lectriques sont soumises \u00e0 la norme NF C 15-100 qui d\u00e9finit les conditions de fabrication, d\u2019am\u00e9nagement et de r\u00e9alisation","og_url":"https:\/\/mecalv.com\/monelectricien\/installation-electrique-conforme\/","og_site_name":"Mon Electricien","article_modified_time":"2024-03-05T15:37:18+00:00","og_image":[{"width":1100,"height":734,"url":"https:\/\/mecalv.com\/monelectricien\/wp-content\/uploads\/sites\/3\/2022\/10\/installation-e\u0301lectrique-conforme.jpeg","type":"image\/jpeg"}],"twitter_card":"summary_large_image","twitter_misc":{"Dur\u00e9e de lecture estim\u00e9e":"5 minutes"},"schema":{"@context":"https:\/\/schema.org","@graph":[{"@type":"WebPage","@id":"https:\/\/mecalv.com\/monelectricien\/installation-electrique-conforme\/","url":"https:\/\/mecalv.com\/monelectricien\/installation-electrique-conforme\/","name":"Quels sont les r\u00e8gles pour une installation \u00e9lectrique conforme ?","isPartOf":{"@id":"https:\/\/mecalv.com\/monelectricien\/#website"},"primaryImageOfPage":{"@id":"https:\/\/mecalv.com\/monelectricien\/installation-electrique-conforme\/#primaryimage"},"image":{"@id":"https:\/\/mecalv.com\/monelectricien\/installation-electrique-conforme\/#primaryimage"},"thumbnailUrl":"https:\/\/mecalv.com\/monelectricien\/wp-content\/uploads\/sites\/3\/2022\/10\/installation-e\u0301lectrique-conforme.jpeg","datePublished":"2022-10-25T10:19:36+00:00","dateModified":"2024-03-05T15:37:18+00:00","description":"Les installations \u00e9lectriques sont soumises \u00e0 la norme NF C 15-100 qui d\u00e9finit les conditions de fabrication, d\u2019am\u00e9nagement et de r\u00e9alisation","breadcrumb":{"@id":"https:\/\/mecalv.com\/monelectricien\/installation-electrique-conforme\/#breadcrumb"},"inLanguage":"fr-FR","potentialAction":[{"@type":"ReadAction","target":["https:\/\/mecalv.com\/monelectricien\/installation-electrique-conforme\/"]}]},{"@type":"ImageObject","inLanguage":"fr-FR","@id":"https:\/\/mecalv.com\/monelectricien\/installation-electrique-conforme\/#primaryimage","url":"https:\/\/mecalv.com\/monelectricien\/wp-content\/uploads\/sites\/3\/2022\/10\/installation-e\u0301lectrique-conforme.jpeg","contentUrl":"https:\/\/mecalv.com\/monelectricien\/wp-content\/uploads\/sites\/3\/2022\/10\/installation-e\u0301lectrique-conforme.jpeg","width":1100,"height":734,"caption":"installation e\u0301lectrique conforme"},{"@type":"BreadcrumbList","@id":"https:\/\/mecalv.com\/monelectricien\/installation-electrique-conforme\/#breadcrumb","itemListElement":[{"@type":"ListItem","position":1,"name":"Accueil","item":"https:\/\/mecalv.com\/monelectricien\/"},{"@type":"ListItem","position":2,"name":"Les r\u00e8gles de base pour une installation \u00e9lectrique conforme"}]},{"@type":"WebSite","@id":"https:\/\/mecalv.com\/monelectricien\/#website","url":"https:\/\/mecalv.com\/monelectricien\/","name":"Mon Electricien","description":"","potentialAction":[{"@type":"SearchAction","target":{"@type":"EntryPoint","urlTemplate":"https:\/\/mecalv.com\/monelectricien\/?s={search_term_string}"},"query-input":{"@type":"PropertyValueSpecification","valueRequired":true,"valueName":"search_term_string"}}],"inLanguage":"fr-FR"}]}},"_links":{"self":[{"href":"https:\/\/mecalv.com\/monelectricien\/wp-json\/wp\/v2\/pages\/311","targetHints":{"allow":["GET"]}}],"collection":[{"href":"https:\/\/mecalv.com\/monelectricien\/wp-json\/wp\/v2\/pages"}],"about":[{"href":"https:\/\/mecalv.com\/monelectricien\/wp-json\/wp\/v2\/types\/page"}],"author":[{"embeddable":true,"href":"https:\/\/mecalv.com\/monelectricien\/wp-json\/wp\/v2\/users\/2"}],"replies":[{"embeddable":true,"href":"https:\/\/mecalv.com\/monelectricien\/wp-json\/wp\/v2\/comments?post=311"}],"version-history":[{"count":4,"href":"https:\/\/mecalv.com\/monelectricien\/wp-json\/wp\/v2\/pages\/311\/revisions"}],"predecessor-version":[{"id":422,"href":"https:\/\/mecalv.com\/monelectricien\/wp-json\/wp\/v2\/pages\/311\/revisions\/422"}],"wp:featuredmedia":[{"embeddable":true,"href":"https:\/\/mecalv.com\/monelectricien\/wp-json\/wp\/v2\/media\/312"}],"wp:attachment":[{"href":"https:\/\/mecalv.com\/monelectricien\/wp-json\/wp\/v2\/media?parent=311"}],"curies":[{"name":"wp","href":"https:\/\/api.w.org\/{rel}","templated":true}]}}