{"id":316,"date":"2022-10-25T12:32:22","date_gmt":"2022-10-25T10:32:22","guid":{"rendered":"https:\/\/mecalv.com\/monelectricien\/?page_id=316"},"modified":"2024-03-05T16:35:17","modified_gmt":"2024-03-05T15:35:17","slug":"aides-renovation-electrique","status":"publish","type":"page","link":"https:\/\/mecalv.com\/monelectricien\/aides-renovation-electrique\/","title":{"rendered":"Quelles aides existent pour une r\u00e9novation \u00e9lectrique ?"},"content":{"rendered":"[vc_row type=&#8221;in_container&#8221; full_screen_row_position=&#8221;middle&#8221; column_margin=&#8221;default&#8221; column_direction=&#8221;default&#8221; column_direction_tablet=&#8221;default&#8221; column_direction_phone=&#8221;default&#8221; scene_position=&#8221;center&#8221; top_padding=&#8221;3%&#8221; bottom_padding=&#8221;5%&#8221; left_padding_desktop=&#8221;5%&#8221; constrain_group_2=&#8221;yes&#8221; right_padding_desktop=&#8221;5%&#8221; text_color=&#8221;dark&#8221; text_align=&#8221;left&#8221; row_border_radius=&#8221;none&#8221; row_border_radius_applies=&#8221;bg&#8221; overflow=&#8221;visible&#8221; advanced_gradient_angle=&#8221;0&#8243; overlay_strength=&#8221;0.3&#8243; gradient_direction=&#8221;left_to_right&#8221; shape_divider_position=&#8221;bottom&#8221; bg_image_animation=&#8221;none&#8221; gradient_type=&#8221;default&#8221; shape_type=&#8221;&#8221;][vc_column column_padding=&#8221;no-extra-padding&#8221; column_padding_tablet=&#8221;inherit&#8221; column_padding_phone=&#8221;inherit&#8221; column_padding_position=&#8221;all&#8221; column_element_spacing=&#8221;default&#8221; background_color_opacity=&#8221;1&#8243; background_hover_color_opacity=&#8221;1&#8243; column_shadow=&#8221;none&#8221; column_border_radius=&#8221;none&#8221; column_link_target=&#8221;_self&#8221; column_position=&#8221;default&#8221; gradient_direction=&#8221;left_to_right&#8221; overlay_strength=&#8221;0.3&#8243; width=&#8221;1\/1&#8243; tablet_width_inherit=&#8221;default&#8221; tablet_text_alignment=&#8221;default&#8221; phone_text_alignment=&#8221;default&#8221; animation_type=&#8221;default&#8221; bg_image_animation=&#8221;none&#8221; border_type=&#8221;simple&#8221; column_border_width=&#8221;none&#8221; column_border_style=&#8221;solid&#8221;][vc_column_text]Souvent, les gens h\u00e9sitent \u00e0 effectuer les travaux d&#8217;\u00e9lectricit\u00e9 n\u00e9cessaires dans leur maison\/logement en raison de leurs co\u00fbts. Mais il existe de nombreuses fa\u00e7ons d&#8217;obtenir une aide financi\u00e8re pour ces projets. Vous pouvez demander des subventions, contracter des pr\u00eats ou trouver des cr\u00e9dits d&#8217;imp\u00f4t et des remises qui peuvent rendre le projet plus abordable. En effectuant quelques recherches, vous pouvez trouver l&#8217;aide financi\u00e8re dont vous avez besoin pour rendre votre maison s\u00fbre et \u00e9conome en \u00e9nergie et <a href=\"\/\">faire appel \u00e0 un \u00e9lectricien<\/a>.[\/vc_column_text][image_with_animation image_url=&#8221;318&#8243; image_size=&#8221;full&#8221; animation_type=&#8221;entrance&#8221; animation=&#8221;None&#8221; hover_animation=&#8221;none&#8221; alignment=&#8221;center&#8221; border_radius=&#8221;none&#8221; box_shadow=&#8221;none&#8221; image_loading=&#8221;lazy-load&#8221; max_width=&#8221;100%&#8221; max_width_mobile=&#8221;default&#8221;][vc_column_text]\n<h2>Pourquoi refaire l&#8217;\u00e9lectricit\u00e9 de sa maison ?<\/h2>\n<p>Plusieurs raisons peuvent vous pousser \u00e0 refaire l&#8217;\u00e9lectricit\u00e9 de votre maison\/logement. Si vous avez achet\u00e9 une ancienne maison, il est probable que les installations \u00e9lectriques soient obsol\u00e8tes et potentiellement dangereuses. De m\u00eame, si vous avez constat\u00e9 des probl\u00e8mes \u00e9lectriques dans votre maison, comme des coupures de courant fr\u00e9quentes ou des appareils qui ne fonctionnent pas correctement, il est peut-\u00eatre temps de faire r\u00e9viser votre installation par un professionnel.<\/p>\n<p>En outre, les nouvelles normes en mati\u00e8re d&#8217;\u00e9lectricit\u00e9 sont plus strictes que jamais. Avec l&#8217;augmentation du nombre d&#8217;appareils \u00e9lectroniques que nous utilisons tous les jours, nos maisons ont besoin d&#8217;une installation \u00e9lectrique plus robuste pour pouvoir faire face \u00e0 la demande. Enfin, refaire l&#8217;\u00e9lectricit\u00e9 de votre maison\/logement peut vous <a href=\"\/aide-electricite\/\">aider \u00e0 r\u00e9duire votre consommation d&#8217;\u00e9nergie<\/a> et, de ce fait, r\u00e9duire vos factures d&#8217;\u00e9lectricit\u00e9.<\/p>\n<h2>Qu&#8217;est-ce qu&#8217;une mise au norme \u00e9lectrique ?<\/h2>\n<p>Une <a href=\"https:\/\/mecalv.com\/monelectricien\/installation-electrique-conforme\/\">mise en conformit\u00e9 \u00e9lectrique<\/a> correspond au processus par lequel une installation \u00e9lectrique est test\u00e9e et, si n\u00e9cessaire, mise \u00e0 jour pour r\u00e9pondre aux derni\u00e8res normes en mati\u00e8re d&#8217;\u00e9lectricit\u00e9 et de s\u00e9curit\u00e9. Cela signifie que votre installation sera s\u00fbre et conforme aux derni\u00e8res r\u00e8gles en vigueur. Les normes \u00e9voluent constamment pour tenir compte de l&#8217;augmentation de la demande en \u00e9nergie et des nouvelles technologies sur le march\u00e9. Une mise aux normes \u00e9lectrique peut passer par la r\u00e9fection compl\u00e8te de votre syst\u00e8me \u00e9lectrique, du tableau \u00e9lectrique, en passant par les c\u00e2bles, les disjoncteurs, les interrupteurs et encore les prises de courant.<\/p>\n<p>Par exemple, si vous avez une maison qui a \u00e9t\u00e9 construite avant que les derni\u00e8res normes \u00e9lectriques ne soient mises en place, il est probable que votre installation ne soit pas conforme. Cela signifie qu&#8217;elle peut pr\u00e9senter des risques pour votre s\u00e9curit\u00e9 et celle de votre famille. De m\u00eame, si vous avez achet\u00e9 une maison r\u00e9cemment construite, mais que vous soup\u00e7onnez que l&#8217;installation n&#8217;a pas \u00e9t\u00e9 faite aux derni\u00e8res normes, il est important de faire tester votre installation par un professionnel.<\/p>\n<h2>Pourquoi faire appel \u00e0 un \u00e9lectricien pour effectuer des travaux chez vous ?<\/h2>\n<p>Travailler avec un \u00e9lectricien qualifi\u00e9 est important, que vous ayez besoin de <a href=\"https:\/\/mecalv.com\/monelectricien\/normes-electricite\/\">faire une mise aux normes \u00e9lectrique<\/a> ou que vous souhaitiez effectuer des travaux d&#8217;am\u00e9lioration de votre installation. Un \u00e9lectricien qualifi\u00e9 saura comment mettre en place une installation s\u00fbre et conforme aux derni\u00e8res normes. De plus, il sera en mesure de vous conseiller sur les meilleurs produits et solutions pour r\u00e9pondre \u00e0 vos besoins. Enfin, un \u00e9lectricien professionnel disposera des outils n\u00e9cessaires pour effectuer le travail rapidement et efficacement.<\/p>\n<p>Lorsque vous choisissez un \u00e9lectricien pour effectuer des travaux dans votre maison\/logement, il est important de v\u00e9rifier qu&#8217;il est qualifi\u00e9 et certifi\u00e9. La meilleure fa\u00e7on de le faire est de demander \u00e0 voir ses r\u00e9alisations. Vous pouvez \u00e9galement demander des recommandations aupr\u00e8s de votre entourage ou chercher des avis en ligne.[\/vc_column_text][image_with_animation image_url=&#8221;317&#8243; image_size=&#8221;full&#8221; animation_type=&#8221;entrance&#8221; animation=&#8221;None&#8221; hover_animation=&#8221;none&#8221; alignment=&#8221;center&#8221; border_radius=&#8221;none&#8221; box_shadow=&#8221;none&#8221; image_loading=&#8221;lazy-load&#8221; max_width=&#8221;100%&#8221; max_width_mobile=&#8221;default&#8221;][vc_column_text]\n<h2>Quel est le budget \u00e0 pr\u00e9voir pour des travaux d&#8217;\u00e9lectricit\u00e9 ?<\/h2>\n<p>Le co\u00fbt des travaux d&#8217;\u00e9lectricit\u00e9 peut varier consid\u00e9rablement en fonction de la nature et de l&#8217;ampleur du projet. Si vous avez besoin de faire une mise aux normes \u00e9lectrique, le co\u00fbt sera probablement plus \u00e9lev\u00e9 que si vous effectuez des travaux d&#8217;am\u00e9lioration de votre installation. De plus, le co\u00fbt des travaux peut varier en fonction du mat\u00e9riel \u00e0 utiliser, de l&#8217;accessibilit\u00e9 du chantier, de la surface, etc&#8230; En moyenne, les co\u00fbts pour une r\u00e9habilitation totale du r\u00e9seau d&#8217;\u00e9lectricit\u00e9 peuvent varier entre 90 et 110 euros HT au m\u00e8tre carr\u00e9.<\/p>\n<h2>Quelles aides financi\u00e8res existent pour une r\u00e9novation \u00e9lectrique ?<\/h2>\n<p>Conscient que tous les m\u00e9nages ne disposent pas forc\u00e9ment des fonds pour faire des travaux de r\u00e9novation \u00e9lectrique en Martinique, il peut \u00eatre int\u00e9ressant de se pencher du c\u00f4t\u00e9 des aides financi\u00e8res pour concr\u00e9tiser son projet.\u00a0 Parmi les aides financi\u00e8res possibles, on peut citer :<\/p>\n<ul>\n<li>Une aide de l&#8217;Agence Nationale pour l&#8217;Am\u00e9lioration de l&#8217;Habitat ou des collectivit\u00e9s locales<\/li>\n<li>Le Ch\u00e8que \u00c9nergie<\/li>\n<li>Ma Prime R\u00e9nov (nouvelle aide de l&#8217;\u00e9tat)<\/li>\n<li>La Prime \u00c9nergie (vers\u00e9e par les fournisseurs d&#8217;\u00e9nergie)<\/li>\n<li>L&#8217;\u00e9co-pr\u00eat \u00e0 taux z\u00e9ro<\/li>\n<\/ul>\n<p>La plupart du temps, et pour pouvoir b\u00e9n\u00e9ficier de ces aides, il faudra respecter des crit\u00e8res de plafond de ressources, comme l\u2019anciennet\u00e9 et la localisation du logement, lacomposition du foyer, les \u00e9conomies d&#8217;\u00e9nergies r\u00e9alis\u00e9es, des factures d&#8217;un artisan certifi\u00e9, etc&#8230; Les aides peuvent atteindre jusqu&#8217;\u00e0 20 000 euros sur une dur\u00e9e de 5 ans selon le dispositif dont vous souhaitez b\u00e9n\u00e9ficier.<\/p>\n<p>Il existe donc plusieurs aides financi\u00e8res qui peuvent vous aider \u00e0 r\u00e9aliser vos travaux de r\u00e9novation \u00e9lectrique. N&#8217;h\u00e9sitez pas \u00e0 vous renseigner aupr\u00e8s des diff\u00e9rentes organisations pour savoir si vous \u00eates \u00e9ligibles aux aides existantes.<\/p>\n[\/vc_column_text][\/vc_column][\/vc_row]\n","protected":false},"excerpt":{"rendered":"<p>[vc_row type=&#8221;in_container&#8221; full_screen_row_position=&#8221;middle&#8221; column_margin=&#8221;default&#8221; column_direction=&#8221;default&#8221; column_direction_tablet=&#8221;default&#8221; column_direction_phone=&#8221;default&#8221; scene_position=&#8221;center&#8221; top_padding=&#8221;3%&#8221; bottom_padding=&#8221;5%&#8221; left_padding_desktop=&#8221;5%&#8221; constrain_group_2=&#8221;yes&#8221; right_padding_desktop=&#8221;5%&#8221; text_color=&#8221;dark&#8221; text_align=&#8221;left&#8221; row_border_radius=&#8221;none&#8221; row_border_radius_applies=&#8221;bg&#8221; overflow=&#8221;visible&#8221; advanced_gradient_angle=&#8221;0&#8243; overlay_strength=&#8221;0.3&#8243; gradient_direction=&#8221;left_to_right&#8221; shape_divider_position=&#8221;bottom&#8221; bg_image_animation=&#8221;none&#8221; gradient_type=&#8221;default&#8221; shape_type=&#8221;&#8221;][vc_column column_padding=&#8221;no-extra-padding&#8221; column_padding_tablet=&#8221;inherit&#8221; column_padding_phone=&#8221;inherit&#8221; column_padding_position=&#8221;all&#8221; column_element_spacing=&#8221;default&#8221;&#8230;<\/p>\n","protected":false},"author":2,"featured_media":317,"parent":0,"menu_order":0,"comment_status":"closed","ping_status":"closed","template":"","meta":{"footnotes":""},"class_list":["post-316","page","type-page","status-publish","has-post-thumbnail"],"yoast_head":"<!-- This site is optimized with the Yoast SEO plugin v27.1.1 - https:\/\/yoast.com\/product\/yoast-seo-wordpress\/ -->\n<title>De quelles aides peut-on b\u00e9n\u00e9ficier pour une r\u00e9novation \u00e9lectrique<\/title>\n<meta name=\"description\" content=\"Il existe de nombreuses fa\u00e7ons d&#039;obtenir une aide financi\u00e8re pour effectuer les travaux d&#039;\u00e9lectricit\u00e9 n\u00e9cessaires dans une maison ou logement\" \/>\n<meta name=\"robots\" content=\"index, follow, max-snippet:-1, max-image-preview:large, max-video-preview:-1\" \/>\n<link rel=\"canonical\" href=\"https:\/\/mecalv.com\/monelectricien\/aides-renovation-electrique\/\" \/>\n<meta property=\"og:locale\" content=\"fr_FR\" \/>\n<meta property=\"og:type\" content=\"article\" \/>\n<meta property=\"og:title\" content=\"De quelles aides peut-on b\u00e9n\u00e9ficier pour une r\u00e9novation \u00e9lectrique\" \/>\n<meta property=\"og:description\" content=\"Il existe de nombreuses fa\u00e7ons d&#039;obtenir une aide financi\u00e8re pour effectuer les travaux d&#039;\u00e9lectricit\u00e9 n\u00e9cessaires dans une maison ou logement\" \/>\n<meta property=\"og:url\" content=\"https:\/\/mecalv.com\/monelectricien\/aides-renovation-electrique\/\" \/>\n<meta property=\"og:site_name\" content=\"Mon Electricien\" \/>\n<meta property=\"article:modified_time\" content=\"2024-03-05T15:35:17+00:00\" \/>\n<meta property=\"og:image\" content=\"https:\/\/mecalv.com\/monelectricien\/wp-content\/uploads\/sites\/3\/2022\/10\/aide-financiere-electricite\u0301.jpeg\" \/>\n\t<meta property=\"og:image:width\" content=\"850\" \/>\n\t<meta property=\"og:image:height\" content=\"567\" \/>\n\t<meta property=\"og:image:type\" content=\"image\/jpeg\" \/>\n<meta name=\"twitter:card\" content=\"summary_large_image\" \/>\n<meta name=\"twitter:label1\" content=\"Dur\u00e9e de lecture estim\u00e9e\" \/>\n\t<meta name=\"twitter:data1\" content=\"6 minutes\" \/>\n<!-- \/ Yoast SEO plugin. -->","yoast_head_json":{"title":"De quelles aides peut-on b\u00e9n\u00e9ficier pour une r\u00e9novation \u00e9lectrique","description":"Il existe de nombreuses fa\u00e7ons d'obtenir une aide financi\u00e8re pour effectuer les travaux d'\u00e9lectricit\u00e9 n\u00e9cessaires dans une maison ou logement","robots":{"index":"index","follow":"follow","max-snippet":"max-snippet:-1","max-image-preview":"max-image-preview:large","max-video-preview":"max-video-preview:-1"},"canonical":"https:\/\/mecalv.com\/monelectricien\/aides-renovation-electrique\/","og_locale":"fr_FR","og_type":"article","og_title":"De quelles aides peut-on b\u00e9n\u00e9ficier pour une r\u00e9novation \u00e9lectrique","og_description":"Il existe de nombreuses fa\u00e7ons d'obtenir une aide financi\u00e8re pour effectuer les travaux d'\u00e9lectricit\u00e9 n\u00e9cessaires dans une maison ou logement","og_url":"https:\/\/mecalv.com\/monelectricien\/aides-renovation-electrique\/","og_site_name":"Mon Electricien","article_modified_time":"2024-03-05T15:35:17+00:00","og_image":[{"width":850,"height":567,"url":"https:\/\/mecalv.com\/monelectricien\/wp-content\/uploads\/sites\/3\/2022\/10\/aide-financiere-electricite\u0301.jpeg","type":"image\/jpeg"}],"twitter_card":"summary_large_image","twitter_misc":{"Dur\u00e9e de lecture estim\u00e9e":"6 minutes"},"schema":{"@context":"https:\/\/schema.org","@graph":[{"@type":"WebPage","@id":"https:\/\/mecalv.com\/monelectricien\/aides-renovation-electrique\/","url":"https:\/\/mecalv.com\/monelectricien\/aides-renovation-electrique\/","name":"De quelles aides peut-on b\u00e9n\u00e9ficier pour une r\u00e9novation \u00e9lectrique","isPartOf":{"@id":"https:\/\/mecalv.com\/monelectricien\/#website"},"primaryImageOfPage":{"@id":"https:\/\/mecalv.com\/monelectricien\/aides-renovation-electrique\/#primaryimage"},"image":{"@id":"https:\/\/mecalv.com\/monelectricien\/aides-renovation-electrique\/#primaryimage"},"thumbnailUrl":"https:\/\/mecalv.com\/monelectricien\/wp-content\/uploads\/sites\/3\/2022\/10\/aide-financiere-electricite\u0301.jpeg","datePublished":"2022-10-25T10:32:22+00:00","dateModified":"2024-03-05T15:35:17+00:00","description":"Il existe de nombreuses fa\u00e7ons d'obtenir une aide financi\u00e8re pour effectuer les travaux d'\u00e9lectricit\u00e9 n\u00e9cessaires dans une maison ou logement","breadcrumb":{"@id":"https:\/\/mecalv.com\/monelectricien\/aides-renovation-electrique\/#breadcrumb"},"inLanguage":"fr-FR","potentialAction":[{"@type":"ReadAction","target":["https:\/\/mecalv.com\/monelectricien\/aides-renovation-electrique\/"]}]},{"@type":"ImageObject","inLanguage":"fr-FR","@id":"https:\/\/mecalv.com\/monelectricien\/aides-renovation-electrique\/#primaryimage","url":"https:\/\/mecalv.com\/monelectricien\/wp-content\/uploads\/sites\/3\/2022\/10\/aide-financiere-electricite\u0301.jpeg","contentUrl":"https:\/\/mecalv.com\/monelectricien\/wp-content\/uploads\/sites\/3\/2022\/10\/aide-financiere-electricite\u0301.jpeg","width":850,"height":567,"caption":"aide financiere electricite\u0301"},{"@type":"BreadcrumbList","@id":"https:\/\/mecalv.com\/monelectricien\/aides-renovation-electrique\/#breadcrumb","itemListElement":[{"@type":"ListItem","position":1,"name":"Accueil","item":"https:\/\/mecalv.com\/monelectricien\/"},{"@type":"ListItem","position":2,"name":"Quelles aides existent pour une r\u00e9novation \u00e9lectrique ?"}]},{"@type":"WebSite","@id":"https:\/\/mecalv.com\/monelectricien\/#website","url":"https:\/\/mecalv.com\/monelectricien\/","name":"Mon Electricien","description":"","potentialAction":[{"@type":"SearchAction","target":{"@type":"EntryPoint","urlTemplate":"https:\/\/mecalv.com\/monelectricien\/?s={search_term_string}"},"query-input":{"@type":"PropertyValueSpecification","valueRequired":true,"valueName":"search_term_string"}}],"inLanguage":"fr-FR"}]}},"_links":{"self":[{"href":"https:\/\/mecalv.com\/monelectricien\/wp-json\/wp\/v2\/pages\/316","targetHints":{"allow":["GET"]}}],"collection":[{"href":"https:\/\/mecalv.com\/monelectricien\/wp-json\/wp\/v2\/pages"}],"about":[{"href":"https:\/\/mecalv.com\/monelectricien\/wp-json\/wp\/v2\/types\/page"}],"author":[{"embeddable":true,"href":"https:\/\/mecalv.com\/monelectricien\/wp-json\/wp\/v2\/users\/2"}],"replies":[{"embeddable":true,"href":"https:\/\/mecalv.com\/monelectricien\/wp-json\/wp\/v2\/comments?post=316"}],"version-history":[{"count":3,"href":"https:\/\/mecalv.com\/monelectricien\/wp-json\/wp\/v2\/pages\/316\/revisions"}],"predecessor-version":[{"id":421,"href":"https:\/\/mecalv.com\/monelectricien\/wp-json\/wp\/v2\/pages\/316\/revisions\/421"}],"wp:featuredmedia":[{"embeddable":true,"href":"https:\/\/mecalv.com\/monelectricien\/wp-json\/wp\/v2\/media\/317"}],"wp:attachment":[{"href":"https:\/\/mecalv.com\/monelectricien\/wp-json\/wp\/v2\/media?parent=316"}],"curies":[{"name":"wp","href":"https:\/\/api.w.org\/{rel}","templated":true}]}}