{"id":412,"date":"2024-03-05T16:18:53","date_gmt":"2024-03-05T15:18:53","guid":{"rendered":"https:\/\/mecalv.com\/monelectricien\/?page_id=412"},"modified":"2024-03-05T16:31:46","modified_gmt":"2024-03-05T15:31:46","slug":"reduire-facture-electricite-entreprise","status":"publish","type":"page","link":"https:\/\/mecalv.com\/monelectricien\/reduire-facture-electricite-entreprise\/","title":{"rendered":"Comment r\u00e9duire la consommation d&#8217;\u00e9lectricit\u00e9 en entreprise ?"},"content":{"rendered":"[vc_row type=&#8221;in_container&#8221; full_screen_row_position=&#8221;middle&#8221; column_margin=&#8221;default&#8221; column_direction=&#8221;default&#8221; column_direction_tablet=&#8221;default&#8221; column_direction_phone=&#8221;default&#8221; scene_position=&#8221;center&#8221; top_padding=&#8221;3%&#8221; bottom_padding=&#8221;5%&#8221; left_padding_desktop=&#8221;5%&#8221; constrain_group_2=&#8221;yes&#8221; right_padding_desktop=&#8221;5%&#8221; text_color=&#8221;dark&#8221; text_align=&#8221;left&#8221; row_border_radius=&#8221;none&#8221; row_border_radius_applies=&#8221;bg&#8221; overflow=&#8221;visible&#8221; advanced_gradient_angle=&#8221;0&#8243; overlay_strength=&#8221;0.3&#8243; gradient_direction=&#8221;left_to_right&#8221; shape_divider_position=&#8221;bottom&#8221; bg_image_animation=&#8221;none&#8221; gradient_type=&#8221;default&#8221; shape_type=&#8221;&#8221;][vc_column column_padding=&#8221;no-extra-padding&#8221; column_padding_tablet=&#8221;inherit&#8221; column_padding_phone=&#8221;inherit&#8221; column_padding_position=&#8221;all&#8221; column_element_spacing=&#8221;default&#8221; background_color_opacity=&#8221;1&#8243; background_hover_color_opacity=&#8221;1&#8243; column_shadow=&#8221;none&#8221; column_border_radius=&#8221;none&#8221; column_link_target=&#8221;_self&#8221; column_position=&#8221;default&#8221; gradient_direction=&#8221;left_to_right&#8221; overlay_strength=&#8221;0.3&#8243; width=&#8221;1\/1&#8243; tablet_width_inherit=&#8221;default&#8221; tablet_text_alignment=&#8221;default&#8221; phone_text_alignment=&#8221;default&#8221; animation_type=&#8221;default&#8221; bg_image_animation=&#8221;none&#8221; border_type=&#8221;simple&#8221; column_border_width=&#8221;none&#8221; column_border_style=&#8221;solid&#8221;][vc_column_text]Il n\u2019est pas toujours \u00e9vident de r\u00e9duire sa consommation d\u2019\u00e9lectricit\u00e9, surtout en entreprise. Pourtant, cela est possible et peut m\u00eame \u00eatre assez facile \u00e0 mettre en place. Ces quelques conseils vous aideront \u00e0 y voir plus clair. Et si cela ne suffit pas pour faire baisser votre facture d\u2019\u00e9lectricit\u00e9 vous pouvez toujours faire appel \u00e0 un\u00a0<a href=\"\/\">\u00e9lectricien professionnel tertiaire<\/a>\u00a0qui pourra mettre en place des actions durables pour faire r\u00e9duire votre consommation d\u2019\u00e9nergie.[\/vc_column_text][image_with_animation image_url=&#8221;413&#8243; image_size=&#8221;full&#8221; animation_type=&#8221;entrance&#8221; animation=&#8221;None&#8221; hover_animation=&#8221;none&#8221; alignment=&#8221;center&#8221; border_radius=&#8221;none&#8221; box_shadow=&#8221;none&#8221; image_loading=&#8221;lazy-load&#8221; max_width=&#8221;100%&#8221; max_width_mobile=&#8221;default&#8221;][vc_column_text]\n<h2>Quelques conseils pour r\u00e9duire sa consommation \u00e9lectrique<\/h2>\n<p id=\"56de42b7-7662-4e52-ac34-aadaa11157ba\" class=\"quill-block\">Tout d\u2019abord, nous vous recommandons de toujours \u00e9teindre les appareils \u00e9lectroniques lorsqu\u2019ils ne sont pas utilis\u00e9s. Cela peut sembler anodin, mais cela fait une \u00e9norme diff\u00e9rence sur votre consommation globale. Ensuite, essayez d\u2019utiliser la lumi\u00e8re naturelle autant que possible. Cela permet non seulement de r\u00e9duire votre consommation d\u2019\u00e9nergie, mais c\u2019est aussi beaucoup plus agr\u00e9able pour vos employ\u00e9s. Veillez \u00e9galement \u00e0 ne pas abuser du chauffage en hiver ou de la climatisation en \u00e9t\u00e9 . Une temp\u00e9rature confortable est suffisante, inutile de monter le thermostat \u00e0 fond !<\/p>\n<p id=\"56de42b7-7662-4e52-ac34-aadaa11157ba\" class=\"quill-block\">Enfin, n\u2019oubliez pas de d\u00e9brancher les appareils qui ne sont pas utilis\u00e9s. Cela peut para\u00eetre une t\u00e2che fastidieuse, mais c\u2019est en fait tr\u00e8s important pour \u00e9viter les surcharges inutiles.<\/p>\n<p id=\"56de42b7-7662-4e52-ac34-aadaa11157ba\" class=\"quill-block\">Pensez \u00e9galement \u00e0 a\u00e9rer vos pi\u00e8ces plusieurs fois par jour pour renouveler l\u2019air. Les ventilateurs sont \u00e9galement tr\u00e8s efficaces pour cr\u00e9er un courant d\u2019air et rafra\u00eechir l\u2019atmosph\u00e8re. Fermez les volets ou rideaux aux heures les plus chaudes de la journ\u00e9e pour emp\u00eacher la chaleur ext\u00e9rieure de rentrer dans votre bureau.<\/p>\n<p id=\"56de42b7-7662-4e52-ac34-aadaa11157ba\" class=\"quill-block\">Si vous mettez ces conseils en pratique, vous verrez rapidement une diff\u00e9rence sur votre facture d\u2019\u00e9lectricit\u00e9. Ces petits changements peuvent faire une \u00e9norme diff\u00e9rence, alors n\u2019h\u00e9sitez pas \u00e0 les mettre en place d\u00e8s que possible !<\/p>\n[\/vc_column_text][image_with_animation image_url=&#8221;414&#8243; image_size=&#8221;full&#8221; animation_type=&#8221;entrance&#8221; animation=&#8221;None&#8221; hover_animation=&#8221;none&#8221; alignment=&#8221;center&#8221; border_radius=&#8221;none&#8221; box_shadow=&#8221;none&#8221; image_loading=&#8221;lazy-load&#8221; max_width=&#8221;100%&#8221; max_width_mobile=&#8221;default&#8221;][vc_column_text]\n<h2>Comment limiter la consommation d\u2019\u00e9nergie d\u2019un ordinateur ?<\/h2>\n<p id=\"c030e216-a4ff-4bb0-b35e-0b5423ca5808\" class=\"quill-block\">D\u2019un point de vue g\u00e9n\u00e9ral, il est important de limiter la consommation d\u2019\u00e9nergie de tous les appareils \u00e9lectroniques. Cela permet non seulement de r\u00e9duire votre facture d\u2019\u00e9lectricit\u00e9, mais c\u2019est aussi tr\u00e8s bon pour l\u2019environnement. Toutefois, les ordinateurs sont particuli\u00e8rement \u00e9nergivores et peuvent donc avoir un impact important sur votre consommation globale. Heureusement, il existe quelques astuces pour limiter la consommation d\u2019\u00e9nergie de votre ordinateur.<\/p>\n<p id=\"c030e216-a4ff-4bb0-b35e-0b5423ca5808\" class=\"quill-block\">Tout d\u2019abord, nous vous recommandons d\u2019\u00e9teindre votre ordinateur lorsque vous ne l\u2019utilisez pas. Cela peut sembler \u00e9vident, mais beaucoup de gens oublient de le faire. Ensuite, pensez \u00e0 r\u00e9gler les param\u00e8tres de veille de votre ordinateur. La plupart des ordinateurs sont configur\u00e9s avec un \u00e9conomiseur d\u2019\u00e9cran anim\u00e9 qui emp\u00eache la mise en veille de l\u2019\u00e9cran. Enfin, pensez \u00e0 mettre en place des prises sp\u00e9ciales \u00ab\u00a0coupe-veille\u00a0\u00bb pour tous les \u00e9quipements du bureau comme l\u2019imprimante et le scanner par exemple. Cela permet de r\u00e9duire consid\u00e9rablement sa consommation d\u2019\u00e9nergie.<\/p>\n<h2>R\u00e9duire sa facture d\u2019\u00e9lectricit\u00e9 avec un electricien<\/h2>\n<p id=\"fcaec9d7-3b56-49d9-9ff9-3df584fedd15\" class=\"quill-block\">Si vous avez des difficult\u00e9s \u00e0 r\u00e9duire votre consommation d\u2019\u00e9nergie, il existe de nombreuses entreprises qui pourront vous aider. Les \u00e9lectriciens professionnels ont l\u2019exp\u00e9rience et les connaissances n\u00e9cessaires pour mettre en place des actions durables pour faire baisser votre facture d\u2019\u00e9lectricit\u00e9. Ils pourront par exemple vous aider \u00e0 mieux isoler votre bureau ou encore \u00e0 installer des dispositifs de r\u00e9gulation de la temp\u00e9rature et des \u00e9quipements de votre entreprise<\/p>\n<p id=\"fcaec9d7-3b56-49d9-9ff9-3df584fedd15\" class=\"quill-block\">Ces quelques conseils vous permettront de r\u00e9duire votre consommation d\u2019\u00e9nergie et donc de faire des \u00e9conomies sur votre facture d\u2019\u00e9lectricit\u00e9. N\u2019h\u00e9sitez pas \u00e0 mettre en place ces astuces au plus vite !<\/p>\n[\/vc_column_text][\/vc_column][\/vc_row]\n","protected":false},"excerpt":{"rendered":"<p>[vc_row type=&#8221;in_container&#8221; full_screen_row_position=&#8221;middle&#8221; column_margin=&#8221;default&#8221; column_direction=&#8221;default&#8221; column_direction_tablet=&#8221;default&#8221; column_direction_phone=&#8221;default&#8221; scene_position=&#8221;center&#8221; top_padding=&#8221;3%&#8221; bottom_padding=&#8221;5%&#8221; left_padding_desktop=&#8221;5%&#8221; constrain_group_2=&#8221;yes&#8221; right_padding_desktop=&#8221;5%&#8221; text_color=&#8221;dark&#8221; text_align=&#8221;left&#8221; row_border_radius=&#8221;none&#8221; row_border_radius_applies=&#8221;bg&#8221; overflow=&#8221;visible&#8221; advanced_gradient_angle=&#8221;0&#8243; overlay_strength=&#8221;0.3&#8243; gradient_direction=&#8221;left_to_right&#8221; shape_divider_position=&#8221;bottom&#8221; bg_image_animation=&#8221;none&#8221; gradient_type=&#8221;default&#8221; shape_type=&#8221;&#8221;][vc_column column_padding=&#8221;no-extra-padding&#8221; column_padding_tablet=&#8221;inherit&#8221; column_padding_phone=&#8221;inherit&#8221; column_padding_position=&#8221;all&#8221; column_element_spacing=&#8221;default&#8221;&#8230;<\/p>\n","protected":false},"author":2,"featured_media":413,"parent":0,"menu_order":0,"comment_status":"closed","ping_status":"closed","template":"","meta":{"footnotes":""},"class_list":["post-412","page","type-page","status-publish","has-post-thumbnail"],"yoast_head":"<!-- This site is optimized with the Yoast SEO plugin v27.1.1 - https:\/\/yoast.com\/product\/yoast-seo-wordpress\/ -->\n<title>Quelques conseils pour r\u00e9duire sa facture EDF en Entreprise<\/title>\n<meta name=\"description\" content=\"Voici une petite liste de bonnes pratiques \u00e0 adopter pour faire baisser durablement la facture d&#039;\u00e9nergie \u00e9lectrique en entreprise\" \/>\n<meta name=\"robots\" content=\"index, follow, max-snippet:-1, max-image-preview:large, max-video-preview:-1\" \/>\n<link rel=\"canonical\" href=\"https:\/\/mecalv.com\/monelectricien\/reduire-facture-electricite-entreprise\/\" \/>\n<meta property=\"og:locale\" content=\"fr_FR\" \/>\n<meta property=\"og:type\" content=\"article\" \/>\n<meta property=\"og:title\" content=\"Quelques conseils pour r\u00e9duire sa facture EDF en Entreprise\" \/>\n<meta property=\"og:description\" content=\"Voici une petite liste de bonnes pratiques \u00e0 adopter pour faire baisser durablement la facture d&#039;\u00e9nergie \u00e9lectrique en entreprise\" \/>\n<meta property=\"og:url\" content=\"https:\/\/mecalv.com\/monelectricien\/reduire-facture-electricite-entreprise\/\" \/>\n<meta property=\"og:site_name\" content=\"Mon Electricien\" \/>\n<meta property=\"article:modified_time\" content=\"2024-03-05T15:31:46+00:00\" \/>\n<meta property=\"og:image\" content=\"https:\/\/mecalv.com\/monelectricien\/wp-content\/uploads\/sites\/3\/2024\/03\/reduire-electricite-entreprise.png\" \/>\n\t<meta property=\"og:image:width\" content=\"888\" \/>\n\t<meta property=\"og:image:height\" content=\"589\" \/>\n\t<meta property=\"og:image:type\" content=\"image\/png\" \/>\n<meta name=\"twitter:card\" content=\"summary_large_image\" \/>\n<meta name=\"twitter:label1\" content=\"Dur\u00e9e de lecture estim\u00e9e\" \/>\n\t<meta name=\"twitter:data1\" content=\"4 minutes\" \/>\n<!-- \/ Yoast SEO plugin. -->","yoast_head_json":{"title":"Quelques conseils pour r\u00e9duire sa facture EDF en Entreprise","description":"Voici une petite liste de bonnes pratiques \u00e0 adopter pour faire baisser durablement la facture d'\u00e9nergie \u00e9lectrique en entreprise","robots":{"index":"index","follow":"follow","max-snippet":"max-snippet:-1","max-image-preview":"max-image-preview:large","max-video-preview":"max-video-preview:-1"},"canonical":"https:\/\/mecalv.com\/monelectricien\/reduire-facture-electricite-entreprise\/","og_locale":"fr_FR","og_type":"article","og_title":"Quelques conseils pour r\u00e9duire sa facture EDF en Entreprise","og_description":"Voici une petite liste de bonnes pratiques \u00e0 adopter pour faire baisser durablement la facture d'\u00e9nergie \u00e9lectrique en entreprise","og_url":"https:\/\/mecalv.com\/monelectricien\/reduire-facture-electricite-entreprise\/","og_site_name":"Mon Electricien","article_modified_time":"2024-03-05T15:31:46+00:00","og_image":[{"width":888,"height":589,"url":"https:\/\/mecalv.com\/monelectricien\/wp-content\/uploads\/sites\/3\/2024\/03\/reduire-electricite-entreprise.png","type":"image\/png"}],"twitter_card":"summary_large_image","twitter_misc":{"Dur\u00e9e de lecture estim\u00e9e":"4 minutes"},"schema":{"@context":"https:\/\/schema.org","@graph":[{"@type":"WebPage","@id":"https:\/\/mecalv.com\/monelectricien\/reduire-facture-electricite-entreprise\/","url":"https:\/\/mecalv.com\/monelectricien\/reduire-facture-electricite-entreprise\/","name":"Quelques conseils pour r\u00e9duire sa facture EDF en Entreprise","isPartOf":{"@id":"https:\/\/mecalv.com\/monelectricien\/#website"},"primaryImageOfPage":{"@id":"https:\/\/mecalv.com\/monelectricien\/reduire-facture-electricite-entreprise\/#primaryimage"},"image":{"@id":"https:\/\/mecalv.com\/monelectricien\/reduire-facture-electricite-entreprise\/#primaryimage"},"thumbnailUrl":"https:\/\/mecalv.com\/monelectricien\/wp-content\/uploads\/sites\/3\/2024\/03\/reduire-electricite-entreprise.png","datePublished":"2024-03-05T15:18:53+00:00","dateModified":"2024-03-05T15:31:46+00:00","description":"Voici une petite liste de bonnes pratiques \u00e0 adopter pour faire baisser durablement la facture d'\u00e9nergie \u00e9lectrique en entreprise","breadcrumb":{"@id":"https:\/\/mecalv.com\/monelectricien\/reduire-facture-electricite-entreprise\/#breadcrumb"},"inLanguage":"fr-FR","potentialAction":[{"@type":"ReadAction","target":["https:\/\/mecalv.com\/monelectricien\/reduire-facture-electricite-entreprise\/"]}]},{"@type":"ImageObject","inLanguage":"fr-FR","@id":"https:\/\/mecalv.com\/monelectricien\/reduire-facture-electricite-entreprise\/#primaryimage","url":"https:\/\/mecalv.com\/monelectricien\/wp-content\/uploads\/sites\/3\/2024\/03\/reduire-electricite-entreprise.png","contentUrl":"https:\/\/mecalv.com\/monelectricien\/wp-content\/uploads\/sites\/3\/2024\/03\/reduire-electricite-entreprise.png","width":888,"height":589,"caption":"reduire electricite entreprise"},{"@type":"BreadcrumbList","@id":"https:\/\/mecalv.com\/monelectricien\/reduire-facture-electricite-entreprise\/#breadcrumb","itemListElement":[{"@type":"ListItem","position":1,"name":"Accueil","item":"https:\/\/mecalv.com\/monelectricien\/"},{"@type":"ListItem","position":2,"name":"Comment r\u00e9duire la consommation d&#8217;\u00e9lectricit\u00e9 en entreprise ?"}]},{"@type":"WebSite","@id":"https:\/\/mecalv.com\/monelectricien\/#website","url":"https:\/\/mecalv.com\/monelectricien\/","name":"Mon Electricien","description":"","potentialAction":[{"@type":"SearchAction","target":{"@type":"EntryPoint","urlTemplate":"https:\/\/mecalv.com\/monelectricien\/?s={search_term_string}"},"query-input":{"@type":"PropertyValueSpecification","valueRequired":true,"valueName":"search_term_string"}}],"inLanguage":"fr-FR"}]}},"_links":{"self":[{"href":"https:\/\/mecalv.com\/monelectricien\/wp-json\/wp\/v2\/pages\/412","targetHints":{"allow":["GET"]}}],"collection":[{"href":"https:\/\/mecalv.com\/monelectricien\/wp-json\/wp\/v2\/pages"}],"about":[{"href":"https:\/\/mecalv.com\/monelectricien\/wp-json\/wp\/v2\/types\/page"}],"author":[{"embeddable":true,"href":"https:\/\/mecalv.com\/monelectricien\/wp-json\/wp\/v2\/users\/2"}],"replies":[{"embeddable":true,"href":"https:\/\/mecalv.com\/monelectricien\/wp-json\/wp\/v2\/comments?post=412"}],"version-history":[{"count":1,"href":"https:\/\/mecalv.com\/monelectricien\/wp-json\/wp\/v2\/pages\/412\/revisions"}],"predecessor-version":[{"id":415,"href":"https:\/\/mecalv.com\/monelectricien\/wp-json\/wp\/v2\/pages\/412\/revisions\/415"}],"wp:featuredmedia":[{"embeddable":true,"href":"https:\/\/mecalv.com\/monelectricien\/wp-json\/wp\/v2\/media\/413"}],"wp:attachment":[{"href":"https:\/\/mecalv.com\/monelectricien\/wp-json\/wp\/v2\/media?parent=412"}],"curies":[{"name":"wp","href":"https:\/\/api.w.org\/{rel}","templated":true}]}}