{"id":416,"date":"2024-03-05T16:25:43","date_gmt":"2024-03-05T15:25:43","guid":{"rendered":"https:\/\/mecalv.com\/monelectricien\/?page_id=416"},"modified":"2024-03-05T16:28:59","modified_gmt":"2024-03-05T15:28:59","slug":"aide-electricite","status":"publish","type":"page","link":"https:\/\/mecalv.com\/monelectricien\/aide-electricite\/","title":{"rendered":"Comment avoir une aide pour l electricit\u00e9 ?"},"content":{"rendered":"[vc_row type=&#8221;in_container&#8221; full_screen_row_position=&#8221;middle&#8221; column_margin=&#8221;default&#8221; column_direction=&#8221;default&#8221; column_direction_tablet=&#8221;default&#8221; column_direction_phone=&#8221;default&#8221; scene_position=&#8221;center&#8221; top_padding=&#8221;3%&#8221; bottom_padding=&#8221;5%&#8221; left_padding_desktop=&#8221;5%&#8221; constrain_group_2=&#8221;yes&#8221; right_padding_desktop=&#8221;5%&#8221; text_color=&#8221;dark&#8221; text_align=&#8221;left&#8221; row_border_radius=&#8221;none&#8221; row_border_radius_applies=&#8221;bg&#8221; overflow=&#8221;visible&#8221; advanced_gradient_angle=&#8221;0&#8243; overlay_strength=&#8221;0.3&#8243; gradient_direction=&#8221;left_to_right&#8221; shape_divider_position=&#8221;bottom&#8221; bg_image_animation=&#8221;none&#8221; gradient_type=&#8221;default&#8221; shape_type=&#8221;&#8221;][vc_column column_padding=&#8221;no-extra-padding&#8221; column_padding_tablet=&#8221;inherit&#8221; column_padding_phone=&#8221;inherit&#8221; column_padding_position=&#8221;all&#8221; column_element_spacing=&#8221;default&#8221; background_color_opacity=&#8221;1&#8243; background_hover_color_opacity=&#8221;1&#8243; column_shadow=&#8221;none&#8221; column_border_radius=&#8221;none&#8221; column_link_target=&#8221;_self&#8221; column_position=&#8221;default&#8221; gradient_direction=&#8221;left_to_right&#8221; overlay_strength=&#8221;0.3&#8243; width=&#8221;1\/1&#8243; tablet_width_inherit=&#8221;default&#8221; tablet_text_alignment=&#8221;default&#8221; phone_text_alignment=&#8221;default&#8221; animation_type=&#8221;default&#8221; bg_image_animation=&#8221;none&#8221; border_type=&#8221;simple&#8221; column_border_width=&#8221;none&#8221; column_border_style=&#8221;solid&#8221;][vc_column_text]\n<p id=\"1e8fc28f-5b34-473e-b657-92062b54a712\" class=\"quill-block\">Des millions de personnes dans le monde vivent sans acc\u00e8s \u00e0 l\u2019\u00e9lectricit\u00e9. Cela peut \u00eatre d\u00fb \u00e0 diverses raisons, comme le fait de ne pas pouvoir se le permettre ou de ne pas y avoir acc\u00e8s dans leur r\u00e9gion. Cependant, une aide est disponible pour ceux qui en ont besoin. Dans cet article, nous allons explorer quelques-unes des fa\u00e7ons dont les gens peuvent obtenir de l\u2019aide pour avoir acc\u00e8s \u00e0 l\u2019\u00e9lectricit\u00e9<\/p>\n<p id=\"1e8fc28f-5b34-473e-b657-92062b54a712\" class=\"quill-block\">Il existe diff\u00e9rentes fa\u00e7ons pour que les gens obtiennent de l\u2019aide pour leur \u00e9lectricit\u00e9. Il peut s\u2019agir d\u2019une aide du gouvernement ou de leur compagnie d\u2019\u00e9lectricit\u00e9 pour payer les factures, et il existe \u00e9galement de nombreux programmes diff\u00e9rents pour aider les personnes \u00e0 financer leur installation \u00e9lectrique par un <a href=\"\/\">\u00e9lectricien professionnel<\/a>.<\/p>\n[\/vc_column_text][image_with_animation image_url=&#8221;417&#8243; image_size=&#8221;full&#8221; animation_type=&#8221;entrance&#8221; animation=&#8221;None&#8221; hover_animation=&#8221;none&#8221; alignment=&#8221;center&#8221; border_radius=&#8221;none&#8221; box_shadow=&#8221;none&#8221; image_loading=&#8221;lazy-load&#8221; max_width=&#8221;100%&#8221; max_width_mobile=&#8221;default&#8221;][vc_column_text]\n<h2>Comment avoir une aide pour installation electrique ?<\/h2>\n<p id=\"eb96bb64-4a35-4406-a086-1970a3722cc0\" class=\"quill-block\">Il existe diff\u00e9rents dispositifs mis en oeuvre par l\u2019\u00e9tat Fran\u00e7ais pour aider les personnes \u00e0 financer leur installation \u00e9lectrique. Ces aides peuvent \u00eatre sous forme de cr\u00e9dits d\u2019imp\u00f4t, de pr\u00eats \u00e0 taux 0%, ou encore de ch\u00e8ques \u00e9nergie. Pour en savoir plus, vous pouvez vous rendre sur le site de l\u2019ADEME.<\/p>\n<p id=\"eb96bb64-4a35-4406-a086-1970a3722cc0\" class=\"quill-block\">L\u2019ANAH est une autre aide disponible pour financer des travaux d\u2019am\u00e9lioration de l\u2019habitat. Elle est destin\u00e9e aux propri\u00e9taires occupants ou bailleurs, ainsi qu\u2019aux syndics de copropri\u00e9t\u00e9. Elle a comme mission principale de lutter contre la pr\u00e9carit\u00e9 \u00e9nerg\u00e9tique. Pour en savoir plus, rendez-vous sur le site de l\u2019ANAH.<\/p>\n<p id=\"eb96bb64-4a35-4406-a086-1970a3722cc0\" class=\"quill-block\">Le cr\u00e9dit d\u2019imp\u00f4t pour la transition \u00e9nerg\u00e9tique (CITE) est une aide fiscale destin\u00e9e \u00e0 inciter les m\u00e9nages \u00e0 r\u00e9aliser des travaux d\u2019am\u00e9lioration de l\u2019efficacit\u00e9 \u00e9nerg\u00e9tique de leur logement.<\/p>\n<p id=\"eb96bb64-4a35-4406-a086-1970a3722cc0\" class=\"quill-block\">L\u2019\u00e9co pr\u00eat \u00e0 taux z\u00e9ro est un pr\u00eat sans int\u00e9r\u00eats destin\u00e9 \u00e0 financer des travaux de r\u00e9novation \u00e9nerg\u00e9tique, le montant peut atteindre 50 000 euros maximum. Il est octroy\u00e9 par certaines banques et doit \u00eatre rembours\u00e9 sur une dur\u00e9e de 15 ans maximum.<\/p>\n<p id=\"eb96bb64-4a35-4406-a086-1970a3722cc0\" class=\"quill-block\">Le pr\u00eat \u00e0 l\u2019am\u00e9lioration de l\u2019habitat (PAH) est un pr\u00eat sans int\u00e9r\u00eats destin\u00e9 \u00e0 financer des travaux de r\u00e9novation \u00e9nerg\u00e9tique. Il est octroy\u00e9 par la CAF et peut atteindre 80 % du montant des d\u00e9penses dans la limite de 1067 euros et doit \u00eatre rembours\u00e9 sur une dur\u00e9e de 10 ans maximum.<\/p>\n[\/vc_column_text][image_with_animation image_url=&#8221;418&#8243; image_size=&#8221;full&#8221; animation_type=&#8221;entrance&#8221; animation=&#8221;None&#8221; hover_animation=&#8221;none&#8221; alignment=&#8221;center&#8221; border_radius=&#8221;none&#8221; box_shadow=&#8221;none&#8221; image_loading=&#8221;lazy-load&#8221; max_width=&#8221;100%&#8221; max_width_mobile=&#8221;default&#8221;][vc_column_text]\n<h2>Aides pour payer ses factures : quelles sont les solutions ?<\/h2>\n<p id=\"1e8fc28f-5b34-473e-b657-92062b54a712\" class=\"quill-block\">Si vous avez des difficult\u00e9s pour payer vos factures, il existe des aides qui peuvent vous aider \u00e0 y parvenir.<\/p>\n<p id=\"1e8fc28f-5b34-473e-b657-92062b54a712\" class=\"quill-block\">Le ch\u00e8que \u00e9nergie est une aide destin\u00e9e aux m\u00e9nages les plus modestes pour le paiement de leurs factures d\u2019\u00e9nergie (\u00e9lectricit\u00e9, gaz, fioul). Il est vers\u00e9 par les fournisseurs d\u2019\u00e9nergie (EDF, Engie, etc.) ou par les gestionnaires de r\u00e9seaux (GRDF, etc.) aux b\u00e9n\u00e9ficiaires qui en font la demande.<\/p>\n<p id=\"1e8fc28f-5b34-473e-b657-92062b54a712\" class=\"quill-block\">Le montant du ch\u00e8que \u00e9nergie va de 48 \u00e0 277 euros par an. Ce ch\u00e8que est nominatif et ne peut \u00eatre utilis\u00e9 que pour le paiement des factures d\u2019\u00e9nergie (gaz, \u00e9lectricit\u00e9, fioul). Il est envoy\u00e9 automatiquement aux foyers qui en ont besoin, sur la base de crit\u00e8res sociaux tels que le revenu ou la situation familiale.<\/p>\n<h2>Pourquoi faire appel \u00e0 un \u00e9lectricien professionnel pour votre installation \u00e9lectrique ?<\/h2>\n<p id=\"27e30db7-814b-408a-988c-f655ebea5077\" class=\"quill-block\">Il est important de faire appel \u00e0 un \u00e9lectricien professionnel pour votre installation \u00e9lectrique, car ils sont qualifi\u00e9s et exp\u00e9riment\u00e9s dans ce domaine. Ils sauront comment installer correctement les c\u00e2bles et les disjoncteurs, ainsi que tout le mat\u00e9riel n\u00e9cessaire. De plus, ils pourront vous conseiller sur les meilleurs produits \u00e0 utiliser et vous aideront \u00e0 faire des \u00e9conomies d\u2019\u00e9nergie.<\/p>\n[\/vc_column_text][\/vc_column][\/vc_row]\n","protected":false},"excerpt":{"rendered":"<p>[vc_row type=&#8221;in_container&#8221; full_screen_row_position=&#8221;middle&#8221; column_margin=&#8221;default&#8221; column_direction=&#8221;default&#8221; column_direction_tablet=&#8221;default&#8221; column_direction_phone=&#8221;default&#8221; scene_position=&#8221;center&#8221; top_padding=&#8221;3%&#8221; bottom_padding=&#8221;5%&#8221; left_padding_desktop=&#8221;5%&#8221; constrain_group_2=&#8221;yes&#8221; right_padding_desktop=&#8221;5%&#8221; text_color=&#8221;dark&#8221; text_align=&#8221;left&#8221; row_border_radius=&#8221;none&#8221; row_border_radius_applies=&#8221;bg&#8221; overflow=&#8221;visible&#8221; advanced_gradient_angle=&#8221;0&#8243; overlay_strength=&#8221;0.3&#8243; gradient_direction=&#8221;left_to_right&#8221; shape_divider_position=&#8221;bottom&#8221; bg_image_animation=&#8221;none&#8221; gradient_type=&#8221;default&#8221; shape_type=&#8221;&#8221;][vc_column column_padding=&#8221;no-extra-padding&#8221; column_padding_tablet=&#8221;inherit&#8221; column_padding_phone=&#8221;inherit&#8221; column_padding_position=&#8221;all&#8221; column_element_spacing=&#8221;default&#8221;&#8230;<\/p>\n","protected":false},"author":2,"featured_media":417,"parent":0,"menu_order":0,"comment_status":"closed","ping_status":"closed","template":"","meta":{"footnotes":""},"class_list":["post-416","page","type-page","status-publish","has-post-thumbnail"],"yoast_head":"<!-- This site is optimized with the Yoast SEO plugin v27.1.1 - https:\/\/yoast.com\/product\/yoast-seo-wordpress\/ -->\n<title>Les diff\u00e9rentes aides qui existent par rapport \u00e0 l&#039;\u00e9lectricit\u00e9<\/title>\n<meta name=\"description\" content=\"Voici une petite liste d&#039;aides qui existent pour remettre aux normes votre installation \u00e9lectrique | Aides aux m\u00e9nages factures \u00e9lectriques\" \/>\n<meta name=\"robots\" content=\"index, follow, max-snippet:-1, max-image-preview:large, max-video-preview:-1\" \/>\n<link rel=\"canonical\" href=\"https:\/\/mecalv.com\/monelectricien\/aide-electricite\/\" \/>\n<meta property=\"og:locale\" content=\"fr_FR\" \/>\n<meta property=\"og:type\" content=\"article\" \/>\n<meta property=\"og:title\" content=\"Les diff\u00e9rentes aides qui existent par rapport \u00e0 l&#039;\u00e9lectricit\u00e9\" \/>\n<meta property=\"og:description\" content=\"Voici une petite liste d&#039;aides qui existent pour remettre aux normes votre installation \u00e9lectrique | Aides aux m\u00e9nages factures \u00e9lectriques\" \/>\n<meta property=\"og:url\" content=\"https:\/\/mecalv.com\/monelectricien\/aide-electricite\/\" \/>\n<meta property=\"og:site_name\" content=\"Mon Electricien\" \/>\n<meta property=\"article:modified_time\" content=\"2024-03-05T15:28:59+00:00\" \/>\n<meta property=\"og:image\" content=\"https:\/\/mecalv.com\/monelectricien\/wp-content\/uploads\/sites\/3\/2024\/03\/aide-pour-payer-facture-electricite.png\" \/>\n\t<meta property=\"og:image:width\" content=\"888\" \/>\n\t<meta property=\"og:image:height\" content=\"594\" \/>\n\t<meta property=\"og:image:type\" content=\"image\/png\" \/>\n<meta name=\"twitter:card\" content=\"summary_large_image\" \/>\n<meta name=\"twitter:label1\" content=\"Dur\u00e9e de lecture estim\u00e9e\" \/>\n\t<meta name=\"twitter:data1\" content=\"4 minutes\" \/>\n<!-- \/ Yoast SEO plugin. -->","yoast_head_json":{"title":"Les diff\u00e9rentes aides qui existent par rapport \u00e0 l'\u00e9lectricit\u00e9","description":"Voici une petite liste d'aides qui existent pour remettre aux normes votre installation \u00e9lectrique | Aides aux m\u00e9nages factures \u00e9lectriques","robots":{"index":"index","follow":"follow","max-snippet":"max-snippet:-1","max-image-preview":"max-image-preview:large","max-video-preview":"max-video-preview:-1"},"canonical":"https:\/\/mecalv.com\/monelectricien\/aide-electricite\/","og_locale":"fr_FR","og_type":"article","og_title":"Les diff\u00e9rentes aides qui existent par rapport \u00e0 l'\u00e9lectricit\u00e9","og_description":"Voici une petite liste d'aides qui existent pour remettre aux normes votre installation \u00e9lectrique | Aides aux m\u00e9nages factures \u00e9lectriques","og_url":"https:\/\/mecalv.com\/monelectricien\/aide-electricite\/","og_site_name":"Mon Electricien","article_modified_time":"2024-03-05T15:28:59+00:00","og_image":[{"width":888,"height":594,"url":"https:\/\/mecalv.com\/monelectricien\/wp-content\/uploads\/sites\/3\/2024\/03\/aide-pour-payer-facture-electricite.png","type":"image\/png"}],"twitter_card":"summary_large_image","twitter_misc":{"Dur\u00e9e de lecture estim\u00e9e":"4 minutes"},"schema":{"@context":"https:\/\/schema.org","@graph":[{"@type":"WebPage","@id":"https:\/\/mecalv.com\/monelectricien\/aide-electricite\/","url":"https:\/\/mecalv.com\/monelectricien\/aide-electricite\/","name":"Les diff\u00e9rentes aides qui existent par rapport \u00e0 l'\u00e9lectricit\u00e9","isPartOf":{"@id":"https:\/\/mecalv.com\/monelectricien\/#website"},"primaryImageOfPage":{"@id":"https:\/\/mecalv.com\/monelectricien\/aide-electricite\/#primaryimage"},"image":{"@id":"https:\/\/mecalv.com\/monelectricien\/aide-electricite\/#primaryimage"},"thumbnailUrl":"https:\/\/mecalv.com\/monelectricien\/wp-content\/uploads\/sites\/3\/2024\/03\/aide-pour-payer-facture-electricite.png","datePublished":"2024-03-05T15:25:43+00:00","dateModified":"2024-03-05T15:28:59+00:00","description":"Voici une petite liste d'aides qui existent pour remettre aux normes votre installation \u00e9lectrique | Aides aux m\u00e9nages factures \u00e9lectriques","breadcrumb":{"@id":"https:\/\/mecalv.com\/monelectricien\/aide-electricite\/#breadcrumb"},"inLanguage":"fr-FR","potentialAction":[{"@type":"ReadAction","target":["https:\/\/mecalv.com\/monelectricien\/aide-electricite\/"]}]},{"@type":"ImageObject","inLanguage":"fr-FR","@id":"https:\/\/mecalv.com\/monelectricien\/aide-electricite\/#primaryimage","url":"https:\/\/mecalv.com\/monelectricien\/wp-content\/uploads\/sites\/3\/2024\/03\/aide-pour-payer-facture-electricite.png","contentUrl":"https:\/\/mecalv.com\/monelectricien\/wp-content\/uploads\/sites\/3\/2024\/03\/aide-pour-payer-facture-electricite.png","width":888,"height":594,"caption":"aide pour payer facture electricite"},{"@type":"BreadcrumbList","@id":"https:\/\/mecalv.com\/monelectricien\/aide-electricite\/#breadcrumb","itemListElement":[{"@type":"ListItem","position":1,"name":"Accueil","item":"https:\/\/mecalv.com\/monelectricien\/"},{"@type":"ListItem","position":2,"name":"Comment avoir une aide pour l electricit\u00e9 ?"}]},{"@type":"WebSite","@id":"https:\/\/mecalv.com\/monelectricien\/#website","url":"https:\/\/mecalv.com\/monelectricien\/","name":"Mon Electricien","description":"","potentialAction":[{"@type":"SearchAction","target":{"@type":"EntryPoint","urlTemplate":"https:\/\/mecalv.com\/monelectricien\/?s={search_term_string}"},"query-input":{"@type":"PropertyValueSpecification","valueRequired":true,"valueName":"search_term_string"}}],"inLanguage":"fr-FR"}]}},"_links":{"self":[{"href":"https:\/\/mecalv.com\/monelectricien\/wp-json\/wp\/v2\/pages\/416","targetHints":{"allow":["GET"]}}],"collection":[{"href":"https:\/\/mecalv.com\/monelectricien\/wp-json\/wp\/v2\/pages"}],"about":[{"href":"https:\/\/mecalv.com\/monelectricien\/wp-json\/wp\/v2\/types\/page"}],"author":[{"embeddable":true,"href":"https:\/\/mecalv.com\/monelectricien\/wp-json\/wp\/v2\/users\/2"}],"replies":[{"embeddable":true,"href":"https:\/\/mecalv.com\/monelectricien\/wp-json\/wp\/v2\/comments?post=416"}],"version-history":[{"count":1,"href":"https:\/\/mecalv.com\/monelectricien\/wp-json\/wp\/v2\/pages\/416\/revisions"}],"predecessor-version":[{"id":419,"href":"https:\/\/mecalv.com\/monelectricien\/wp-json\/wp\/v2\/pages\/416\/revisions\/419"}],"wp:featuredmedia":[{"embeddable":true,"href":"https:\/\/mecalv.com\/monelectricien\/wp-json\/wp\/v2\/media\/417"}],"wp:attachment":[{"href":"https:\/\/mecalv.com\/monelectricien\/wp-json\/wp\/v2\/media?parent=416"}],"curies":[{"name":"wp","href":"https:\/\/api.w.org\/{rel}","templated":true}]}}