{"id":274,"date":"2022-07-23T18:05:20","date_gmt":"2022-07-23T16:05:20","guid":{"rendered":"https:\/\/monplombier97.com\/?page_id=274"},"modified":"2025-01-20T16:29:33","modified_gmt":"2025-01-20T15:29:33","slug":"nos-offres-demplois","status":"publish","type":"page","link":"https:\/\/mecalv.com\/monplombier\/nos-offres-demplois\/","title":{"rendered":"Nos offres d\u2019emplois"},"content":{"rendered":"[vc_row type=&#8221;in_container&#8221; full_screen_row_position=&#8221;middle&#8221; column_margin=&#8221;default&#8221; column_direction=&#8221;default&#8221; column_direction_tablet=&#8221;default&#8221; column_direction_phone=&#8221;default&#8221; scene_position=&#8221;center&#8221; top_padding=&#8221;5%&#8221; text_color=&#8221;dark&#8221; text_align=&#8221;left&#8221; row_border_radius=&#8221;none&#8221; row_border_radius_applies=&#8221;bg&#8221; overlay_strength=&#8221;0.3&#8243; gradient_direction=&#8221;left_to_right&#8221; shape_divider_position=&#8221;bottom&#8221; bg_image_animation=&#8221;none&#8221; overflow=&#8221;visible&#8221; advanced_gradient_angle=&#8221;0&#8243; gradient_type=&#8221;default&#8221; shape_type=&#8221;&#8221;][vc_column column_padding=&#8221;no-extra-padding&#8221; column_padding_tablet=&#8221;inherit&#8221; column_padding_phone=&#8221;inherit&#8221; column_padding_position=&#8221;all&#8221; column_element_spacing=&#8221;default&#8221; background_color_opacity=&#8221;1&#8243; background_hover_color_opacity=&#8221;1&#8243; column_shadow=&#8221;none&#8221; column_border_radius=&#8221;none&#8221; column_link_target=&#8221;_self&#8221; gradient_direction=&#8221;left_to_right&#8221; overlay_strength=&#8221;0.3&#8243; width=&#8221;1\/1&#8243; tablet_width_inherit=&#8221;default&#8221; tablet_text_alignment=&#8221;default&#8221; phone_text_alignment=&#8221;default&#8221; bg_image_animation=&#8221;none&#8221; border_type=&#8221;simple&#8221; column_border_width=&#8221;none&#8221; column_border_style=&#8221;solid&#8221; column_position=&#8221;default&#8221; animation_type=&#8221;default&#8221;][vc_custom_heading text=&#8221;Plombier\/plombi\u00e8re sanitaire&#8221; font_container=&#8221;tag:p|font_size:30px|text_align:left|color:%23fc9602|line_height:36px&#8221; google_fonts=&#8221;font_family:Montserrat%3Aregular%2C700|font_style:700%20bold%20regular%3A700%3Anormal&#8221;][vc_row_inner column_margin=&#8221;default&#8221; column_direction=&#8221;default&#8221; column_direction_tablet=&#8221;default&#8221; column_direction_phone=&#8221;default&#8221; text_align=&#8221;left&#8221; row_position=&#8221;default&#8221; row_position_tablet=&#8221;inherit&#8221; row_position_phone=&#8221;inherit&#8221; overflow=&#8221;visible&#8221; pointer_events=&#8221;all&#8221;][vc_column_inner column_padding=&#8221;no-extra-padding&#8221; column_padding_tablet=&#8221;inherit&#8221; column_padding_phone=&#8221;inherit&#8221; column_padding_position=&#8221;all&#8221; column_element_spacing=&#8221;default&#8221; background_color_opacity=&#8221;1&#8243; background_hover_color_opacity=&#8221;1&#8243; column_shadow=&#8221;none&#8221; column_border_radius=&#8221;none&#8221; column_link_target=&#8221;_self&#8221; gradient_direction=&#8221;left_to_right&#8221; overlay_strength=&#8221;0.3&#8243; width=&#8221;6\/12&#8243; tablet_width_inherit=&#8221;default&#8221; bg_image_animation=&#8221;none&#8221; border_type=&#8221;simple&#8221; column_border_width=&#8221;none&#8221; column_border_style=&#8221;solid&#8221; animation_type=&#8221;default&#8221;][vc_column_text]\n<p><span class=\"s8\">Ce poste peut s&#8217;adresser \u00e0 des personnes <\/span><span class=\"s8\">en reconversion<\/span><span class=\"s8\"> et int\u00e9ress\u00e9es par le m\u00e9tier, une formation peut \u00eatre d\u00e9livr\u00e9e par l&#8217;entreprise.<\/span><\/p>\n<p><span class=\"s9\">Vos missions seront les suivantes <\/span><span class=\"s9\">: .<\/span><\/p>\n<div class=\"s6\"><span class=\"s5\">&#8211; <\/span><span class=\"s9\">Installer et raccorder des \u00e9quipements de plomberie<\/span><span class=\"s9\">.<\/span><\/div>\n<div class=\"s6\"><span class=\"s5\">&#8211; <\/span><span class=\"s9\">Ciseler et souder la <\/span><span class=\"s9\">tuyauterie.<\/span><\/div>\n<div class=\"s6\"><span class=\"s5\">&#8211; <\/span><span class=\"s9\">Ma\u00eetriser la d\u00e9coupe de <\/span><span class=\"s9\">tuyau .<\/span><\/div>\n<div class=\"s6\"><span class=\"s5\">&#8211; <\/span><span class=\"s9\">Travail du <\/span><span class=\"s9\">cuivre.<\/span><\/div>\n<div class=\"s6\"><span class=\"s5\">&#8211; <\/span><span class=\"s9\">Poser des \u00e9l\u00e9ments sanitaires.<\/span><\/div>\n<div class=\"s6\"><span class=\"s5\">&#8211; <\/span><span class=\"s9\">Effectuer d<\/span><span class=\"s9\">es poses de PER<\/span> <span class=\"s9\">et<\/span><span class=\"s9\"> la pose de chemin de c\u00e2bles<\/span><\/div>\n<div class=\"s6\"><span class=\"s5\">&#8211; <\/span><span class=\"s9\">Mettre en service des \u00e9quipements, <\/span><\/div>\n<div class=\"s6\"><span class=\"s5\">&#8211; <\/span><span class=\"s9\">Intervenir en urgence sur une panne, <\/span><\/div>\n<div class=\"s6\"><span class=\"s5\">&#8211; <\/span><span class=\"s9\">Localiser un dysfonctionnement, <\/span><\/div>\n<div class=\"s6\"><span class=\"s5\">&#8211; <\/span><span class=\"s9\">Rep\u00e9rer les emplacements<\/span><\/div>\n<div class=\"s6\"><span class=\"s5\">&#8211; <\/span><span class=\"s9\">Installer des chemins de c\u00e2ble<\/span><span class=\"s9\">, <\/span><\/div>\n<div class=\"s6\"><span class=\"s5\">&#8211; <\/span><span class=\"s9\">Installer et raccorder des <\/span><span class=\"s9\">boites \u00e0 nourrices<\/span><span class=\"s9\">, \u00a0<\/span><\/div>\n<div class=\"s6\"><span class=\"s5\">&#8211; <\/span><span class=\"s9\">Savoir travailler en \u00e9quipe<\/span><\/div>\n<div class=\"s6\"><span class=\"s5\">&#8211; <\/span><span class=\"s9\">Lire et interpr\u00e9ter les sch\u00e9mas <\/span><span class=\"s9\">et les plans<\/span><\/div>\n<p><span class=\"s9\">Organis\u00e9(e) et rigoureux(se), vous \u00eates habitu\u00e9(e) \u00e0 travailler dans des environnements multi-projets, multi-clients.<\/span><\/p>\n<p><span class=\"s9\">Garant de la satisfaction client, votre esprit d&#8217;\u00e9quipe et votre aisance relationnelle seront \u00e9galement des atouts majeurs dans l&#8217;exercice de vos missions.<\/span><\/p>\n<p><span class=\"s9\">Ce poste n\u00e9cessite des d\u00e9placements quotidiens<\/span><span class=\"s9\">.<\/span><\/p>\n<p><span class=\"s9\">Pour toute<\/span>[\/vc_column_text][\/vc_column_inner][vc_column_inner column_padding=&#8221;no-extra-padding&#8221; column_padding_tablet=&#8221;inherit&#8221; column_padding_phone=&#8221;inherit&#8221; column_padding_position=&#8221;all&#8221; column_element_spacing=&#8221;default&#8221; background_color_opacity=&#8221;1&#8243; background_hover_color_opacity=&#8221;1&#8243; column_shadow=&#8221;none&#8221; column_border_radius=&#8221;none&#8221; column_link_target=&#8221;_self&#8221; gradient_direction=&#8221;left_to_right&#8221; overlay_strength=&#8221;0.3&#8243; width=&#8221;3\/12&#8243; tablet_width_inherit=&#8221;default&#8221; bg_image_animation=&#8221;none&#8221; border_type=&#8221;simple&#8221; column_border_width=&#8221;none&#8221; column_border_style=&#8221;solid&#8221; animation_type=&#8221;default&#8221;][vc_column_text]<strong>Type de contrat <\/strong>[\/vc_column_text]<div class=\"nectar-fancy-ul\" data-list-icon=\"icon-salient-thin-line\" data-animation=\"false\" data-animation-delay=\"0\" data-color=\"accent-color\" data-spacing=\"default\" data-alignment=\"left\"> \n<ul>\n<li>CDI<\/li>\n<li>Temps plein<\/li>\n<li>35h \/ semaine<\/li>\n<\/ul>\n <\/div>[\/vc_column_inner][vc_column_inner column_padding=&#8221;no-extra-padding&#8221; column_padding_tablet=&#8221;inherit&#8221; column_padding_phone=&#8221;inherit&#8221; column_padding_position=&#8221;all&#8221; column_element_spacing=&#8221;default&#8221; background_color_opacity=&#8221;1&#8243; background_hover_color_opacity=&#8221;1&#8243; column_shadow=&#8221;none&#8221; column_border_radius=&#8221;none&#8221; column_link_target=&#8221;_self&#8221; gradient_direction=&#8221;left_to_right&#8221; overlay_strength=&#8221;0.3&#8243; width=&#8221;3\/12&#8243; tablet_width_inherit=&#8221;default&#8221; bg_image_animation=&#8221;none&#8221; border_type=&#8221;simple&#8221; column_border_width=&#8221;none&#8221; column_border_style=&#8221;solid&#8221; animation_type=&#8221;default&#8221;][vc_column_text]<strong>Salaire <\/strong>[\/vc_column_text]<div class=\"nectar-fancy-ul\" data-list-icon=\"icon-salient-thin-line\" data-animation=\"false\" data-animation-delay=\"0\" data-color=\"accent-color\" data-spacing=\"default\" data-alignment=\"left\"> \n<ul>\n<li>Selon profil<\/li>\n<\/ul>\n <\/div>[\/vc_column_inner][\/vc_row_inner][vc_row_inner column_margin=&#8221;default&#8221; column_direction=&#8221;default&#8221; column_direction_tablet=&#8221;default&#8221; column_direction_phone=&#8221;default&#8221; text_align=&#8221;left&#8221; row_position=&#8221;default&#8221; row_position_tablet=&#8221;inherit&#8221; row_position_phone=&#8221;inherit&#8221; overflow=&#8221;visible&#8221; pointer_events=&#8221;all&#8221;][vc_column_inner column_padding=&#8221;no-extra-padding&#8221; column_padding_tablet=&#8221;inherit&#8221; column_padding_phone=&#8221;inherit&#8221; column_padding_position=&#8221;all&#8221; column_element_spacing=&#8221;default&#8221; background_color_opacity=&#8221;1&#8243; background_hover_color_opacity=&#8221;1&#8243; column_shadow=&#8221;none&#8221; column_border_radius=&#8221;none&#8221; column_link_target=&#8221;_self&#8221; gradient_direction=&#8221;left_to_right&#8221; overlay_strength=&#8221;0.3&#8243; width=&#8221;1\/1&#8243; tablet_width_inherit=&#8221;default&#8221; bg_image_animation=&#8221;none&#8221; border_type=&#8221;simple&#8221; column_border_width=&#8221;none&#8221; column_border_style=&#8221;solid&#8221; animation_type=&#8221;default&#8221;][nectar_btn size=&#8221;medium&#8221; button_style=&#8221;regular&#8221; button_color_2=&#8221;Accent-Color&#8221; icon_family=&#8221;none&#8221; text=&#8221;Postuler&#8221; url=&#8221;\/monplombier\/postuler\/&#8221;][\/vc_column_inner][\/vc_row_inner][\/vc_column][\/vc_row]\n","protected":false},"excerpt":{"rendered":"<p>[vc_row type=&#8221;in_container&#8221; full_screen_row_position=&#8221;middle&#8221; column_margin=&#8221;default&#8221; column_direction=&#8221;default&#8221; column_direction_tablet=&#8221;default&#8221; column_direction_phone=&#8221;default&#8221; scene_position=&#8221;center&#8221; top_padding=&#8221;5%&#8221; text_color=&#8221;dark&#8221; text_align=&#8221;left&#8221; row_border_radius=&#8221;none&#8221; row_border_radius_applies=&#8221;bg&#8221; overlay_strength=&#8221;0.3&#8243; gradient_direction=&#8221;left_to_right&#8221; shape_divider_position=&#8221;bottom&#8221; bg_image_animation=&#8221;none&#8221; overflow=&#8221;visible&#8221; advanced_gradient_angle=&#8221;0&#8243; gradient_type=&#8221;default&#8221; shape_type=&#8221;&#8221;][vc_column column_padding=&#8221;no-extra-padding&#8221; column_padding_tablet=&#8221;inherit&#8221; column_padding_phone=&#8221;inherit&#8221; column_padding_position=&#8221;all&#8221; column_element_spacing=&#8221;default&#8221; background_color_opacity=&#8221;1&#8243; background_hover_color_opacity=&#8221;1&#8243; column_shadow=&#8221;none&#8221; column_border_radius=&#8221;none&#8221;&#8230;<\/p>\n","protected":false},"author":2,"featured_media":0,"parent":0,"menu_order":0,"comment_status":"closed","ping_status":"closed","template":"","meta":{"footnotes":""},"class_list":["post-274","page","type-page","status-publish"],"yoast_head":"<!-- This site is optimized with the Yoast SEO plugin v27.1.1 - https:\/\/yoast.com\/product\/yoast-seo-wordpress\/ -->\n<title>Nos offres d\u2019emplois - Mecalv Plomberie<\/title>\n<meta name=\"robots\" content=\"index, follow, max-snippet:-1, max-image-preview:large, max-video-preview:-1\" \/>\n<link rel=\"canonical\" href=\"https:\/\/mecalv.com\/monplombier\/nos-offres-demplois\/\" \/>\n<meta property=\"og:locale\" content=\"fr_FR\" \/>\n<meta property=\"og:type\" content=\"article\" \/>\n<meta property=\"og:title\" content=\"Nos offres d\u2019emplois - Mecalv Plomberie\" \/>\n<meta property=\"og:description\" content=\"[vc_row type=&#8221;in_container&#8221; full_screen_row_position=&#8221;middle&#8221; column_margin=&#8221;default&#8221; column_direction=&#8221;default&#8221; column_direction_tablet=&#8221;default&#8221; column_direction_phone=&#8221;default&#8221; scene_position=&#8221;center&#8221; top_padding=&#8221;5%&#8221; text_color=&#8221;dark&#8221; text_align=&#8221;left&#8221; row_border_radius=&#8221;none&#8221; row_border_radius_applies=&#8221;bg&#8221; overlay_strength=&#8221;0.3&#8243; gradient_direction=&#8221;left_to_right&#8221; shape_divider_position=&#8221;bottom&#8221; bg_image_animation=&#8221;none&#8221; overflow=&#8221;visible&#8221; advanced_gradient_angle=&#8221;0&#8243; gradient_type=&#8221;default&#8221; shape_type=&#8221;&#8221;][vc_column column_padding=&#8221;no-extra-padding&#8221; column_padding_tablet=&#8221;inherit&#8221; column_padding_phone=&#8221;inherit&#8221; column_padding_position=&#8221;all&#8221; column_element_spacing=&#8221;default&#8221; background_color_opacity=&#8221;1&#8243; background_hover_color_opacity=&#8221;1&#8243; column_shadow=&#8221;none&#8221; column_border_radius=&#8221;none&#8221;...\" \/>\n<meta property=\"og:url\" content=\"https:\/\/mecalv.com\/monplombier\/nos-offres-demplois\/\" \/>\n<meta property=\"og:site_name\" content=\"Mecalv Plomberie\" \/>\n<meta property=\"article:modified_time\" content=\"2025-01-20T15:29:33+00:00\" \/>\n<meta name=\"twitter:card\" content=\"summary_large_image\" \/>\n<meta name=\"twitter:label1\" content=\"Dur\u00e9e de lecture estim\u00e9e\" \/>\n\t<meta name=\"twitter:data1\" content=\"4 minutes\" \/>\n<!-- \/ Yoast SEO plugin. -->","yoast_head_json":{"title":"Nos offres d\u2019emplois - Mecalv Plomberie","robots":{"index":"index","follow":"follow","max-snippet":"max-snippet:-1","max-image-preview":"max-image-preview:large","max-video-preview":"max-video-preview:-1"},"canonical":"https:\/\/mecalv.com\/monplombier\/nos-offres-demplois\/","og_locale":"fr_FR","og_type":"article","og_title":"Nos offres d\u2019emplois - Mecalv Plomberie","og_description":"[vc_row type=&#8221;in_container&#8221; full_screen_row_position=&#8221;middle&#8221; column_margin=&#8221;default&#8221; column_direction=&#8221;default&#8221; column_direction_tablet=&#8221;default&#8221; column_direction_phone=&#8221;default&#8221; scene_position=&#8221;center&#8221; top_padding=&#8221;5%&#8221; text_color=&#8221;dark&#8221; text_align=&#8221;left&#8221; row_border_radius=&#8221;none&#8221; row_border_radius_applies=&#8221;bg&#8221; overlay_strength=&#8221;0.3&#8243; gradient_direction=&#8221;left_to_right&#8221; shape_divider_position=&#8221;bottom&#8221; bg_image_animation=&#8221;none&#8221; overflow=&#8221;visible&#8221; advanced_gradient_angle=&#8221;0&#8243; gradient_type=&#8221;default&#8221; shape_type=&#8221;&#8221;][vc_column column_padding=&#8221;no-extra-padding&#8221; column_padding_tablet=&#8221;inherit&#8221; column_padding_phone=&#8221;inherit&#8221; column_padding_position=&#8221;all&#8221; column_element_spacing=&#8221;default&#8221; background_color_opacity=&#8221;1&#8243; background_hover_color_opacity=&#8221;1&#8243; column_shadow=&#8221;none&#8221; column_border_radius=&#8221;none&#8221;...","og_url":"https:\/\/mecalv.com\/monplombier\/nos-offres-demplois\/","og_site_name":"Mecalv Plomberie","article_modified_time":"2025-01-20T15:29:33+00:00","twitter_card":"summary_large_image","twitter_misc":{"Dur\u00e9e de lecture estim\u00e9e":"4 minutes"},"schema":{"@context":"https:\/\/schema.org","@graph":[{"@type":"WebPage","@id":"https:\/\/mecalv.com\/monplombier\/nos-offres-demplois\/","url":"https:\/\/mecalv.com\/monplombier\/nos-offres-demplois\/","name":"Nos offres d\u2019emplois - Mecalv Plomberie","isPartOf":{"@id":"https:\/\/mecalv.com\/monplombier\/#website"},"datePublished":"2022-07-23T16:05:20+00:00","dateModified":"2025-01-20T15:29:33+00:00","breadcrumb":{"@id":"https:\/\/mecalv.com\/monplombier\/nos-offres-demplois\/#breadcrumb"},"inLanguage":"fr-FR","potentialAction":[{"@type":"ReadAction","target":["https:\/\/mecalv.com\/monplombier\/nos-offres-demplois\/"]}]},{"@type":"BreadcrumbList","@id":"https:\/\/mecalv.com\/monplombier\/nos-offres-demplois\/#breadcrumb","itemListElement":[{"@type":"ListItem","position":1,"name":"Accueil","item":"https:\/\/mecalv.com\/monplombier\/"},{"@type":"ListItem","position":2,"name":"Nos offres d\u2019emplois"}]},{"@type":"WebSite","@id":"https:\/\/mecalv.com\/monplombier\/#website","url":"https:\/\/mecalv.com\/monplombier\/","name":"Mecalv Plomberie","description":"","potentialAction":[{"@type":"SearchAction","target":{"@type":"EntryPoint","urlTemplate":"https:\/\/mecalv.com\/monplombier\/?s={search_term_string}"},"query-input":{"@type":"PropertyValueSpecification","valueRequired":true,"valueName":"search_term_string"}}],"inLanguage":"fr-FR"}]}},"_links":{"self":[{"href":"https:\/\/mecalv.com\/monplombier\/wp-json\/wp\/v2\/pages\/274","targetHints":{"allow":["GET"]}}],"collection":[{"href":"https:\/\/mecalv.com\/monplombier\/wp-json\/wp\/v2\/pages"}],"about":[{"href":"https:\/\/mecalv.com\/monplombier\/wp-json\/wp\/v2\/types\/page"}],"author":[{"embeddable":true,"href":"https:\/\/mecalv.com\/monplombier\/wp-json\/wp\/v2\/users\/2"}],"replies":[{"embeddable":true,"href":"https:\/\/mecalv.com\/monplombier\/wp-json\/wp\/v2\/comments?post=274"}],"version-history":[{"count":11,"href":"https:\/\/mecalv.com\/monplombier\/wp-json\/wp\/v2\/pages\/274\/revisions"}],"predecessor-version":[{"id":625,"href":"https:\/\/mecalv.com\/monplombier\/wp-json\/wp\/v2\/pages\/274\/revisions\/625"}],"wp:attachment":[{"href":"https:\/\/mecalv.com\/monplombier\/wp-json\/wp\/v2\/media?parent=274"}],"curies":[{"name":"wp","href":"https:\/\/api.w.org\/{rel}","templated":true}]}}