{"id":480,"date":"2022-08-19T13:42:06","date_gmt":"2022-08-19T11:42:06","guid":{"rendered":"https:\/\/mecalv.com\/erihum\/?page_id=480"},"modified":"2025-01-13T17:46:43","modified_gmt":"2025-01-13T16:46:43","slug":"mentions-legales","status":"publish","type":"page","link":"https:\/\/mecalv.com\/renov-amenagement\/mentions-legales\/","title":{"rendered":"Mentions l\u00e9gales"},"content":{"rendered":"[vc_row type=&#8221;in_container&#8221; full_screen_row_position=&#8221;middle&#8221; column_margin=&#8221;default&#8221; column_direction=&#8221;default&#8221; column_direction_tablet=&#8221;default&#8221; column_direction_phone=&#8221;default&#8221; scene_position=&#8221;center&#8221; text_color=&#8221;dark&#8221; text_align=&#8221;left&#8221; row_border_radius=&#8221;none&#8221; row_border_radius_applies=&#8221;bg&#8221; overlay_strength=&#8221;0.3&#8243; gradient_direction=&#8221;left_to_right&#8221; shape_divider_position=&#8221;bottom&#8221; bg_image_animation=&#8221;none&#8221;][vc_column column_padding=&#8221;no-extra-padding&#8221; column_padding_tablet=&#8221;inherit&#8221; column_padding_phone=&#8221;inherit&#8221; column_padding_position=&#8221;all&#8221; column_element_spacing=&#8221;default&#8221; background_color_opacity=&#8221;1&#8243; background_hover_color_opacity=&#8221;1&#8243; column_shadow=&#8221;none&#8221; column_border_radius=&#8221;none&#8221; column_link_target=&#8221;_self&#8221; gradient_direction=&#8221;left_to_right&#8221; overlay_strength=&#8221;0.3&#8243; width=&#8221;1\/1&#8243; tablet_width_inherit=&#8221;default&#8221; tablet_text_alignment=&#8221;default&#8221; phone_text_alignment=&#8221;default&#8221; bg_image_animation=&#8221;none&#8221; border_type=&#8221;simple&#8221; column_border_width=&#8221;none&#8221; column_border_style=&#8221;solid&#8221;][vc_column_text]\n<h1><b>Mentions L\u00e9gales<\/b><\/h1>\n<h2><b>Le site https:\/\/mecalv.com\/renov-amenagement<\/b> <b>est \u00e9dit\u00e9 par<\/b><\/h2>\n<p><span style=\"font-weight: 400;\">Renov am\u00e9nagement, soci\u00e9t\u00e9 fran\u00e7aise au capital de 1 000,00\u20ac. Adresse du si\u00e8ge social : 105 route des Religieuses, 97200 FORT-DE-FRANCE, MARTINIQUE\u00a0 | Immatricul\u00e9e \u00e0 l\u2019INSEE le 03\/05\/2021 | Num\u00e9ro RCS B 900 574 666 | Code NAF : 4334Z\u00a0 | Num\u00e9ro SIRET : 90057466600021 | T\u00e9l\u00e9phone : 0596 610 416 | Adresse de courrier \u00e9lectronique : <\/span><span style=\"font-weight: 400;\">info@mecalv.com<\/span><\/p>\n<p><span style=\"font-weight: 400;\">Renov am\u00e9nagement est actuellement dirig\u00e9e par 1 mandataire social : 1 G\u00e9rant. Le mandataire social de Renov am\u00e9nagement est responsable de la totalit\u00e9 de ses actes qui sont ainsi susceptibles d\u2019engager des responsabilit\u00e9s civiles voire p\u00e9nales. Les dirigeants mandataires doivent aussi rendre compte de la gestion de Renov am\u00e9nagement devant ses mandants qui sont souvent les actionnaires de Renov am\u00e9nagement. Notre politique de confidentialit\u00e9 est accessible en cliquant <a href=\"https:\/\/mecalv.com\/renov-amenagement\/politique-de-confidentialite\/\" target=\"_blank\" rel=\"noopener\">ici<\/a>.<\/span><\/p>\n<h2><b>Directeur de la publication<\/b><\/h2>\n<p><span style=\"font-weight: 400;\">Joffrey ERIDAN, dirigeant de Renov Am\u00e9nagement.<\/span><\/p>\n<h2><b>Le site https:\/\/mecalv.com\/renov-amenagement est h\u00e9berg\u00e9 par<\/b><\/h2>\n<p><span style=\"font-weight: 400;\">Soci\u00e9t\u00e9 <\/span><a href=\"https:\/\/www.novazeo.com\/\"><span style=\"font-weight: 400;\">Novazeo<\/span><\/a><span style=\"font-weight: 400;\"> \u2013 Atypik Agency\u00a0<\/span><\/p>\n<h2><b>Droits de propri\u00e9t\u00e9 intellectuelle<\/b><\/h2>\n<p><span style=\"font-weight: 400;\">La structure g\u00e9n\u00e9rale, ainsi que les textes, images anim\u00e9es ou fixes, son, dessins, photographies, logos, marques graphisme et tout autre \u00e9l\u00e9ment composant le site, sont soit la propri\u00e9t\u00e9 de l\u2019\u00c9diteur, soit la propri\u00e9t\u00e9 de tiers ayant donn\u00e9 leur accord \u00e0 une reproduction sur le site https:\/\/mecalv.com\/renov-amenagement. La repr\u00e9sentation, totale ou partielle de ce site, par quelque proc\u00e9d\u00e9 que ce soit, et\/ou des \u00e9l\u00e9ments y figurant, sans autorisation expresse et pr\u00e9alable de l\u2019\u00c9diteur, est interdite, et constituerait une contrefa\u00e7on sanctionn\u00e9e par les articles L 335-2 et suivants du Code de la Propri\u00e9t\u00e9 Intellectuelle. Toute reproduction et\/ou repr\u00e9sentation et\/ou rediffusion, en tout ou partie, sur tout support \u00e9lectronique ou non, pr\u00e9sent ou futur, sont interdites sauf autorisation expresse et pr\u00e9alable. Toutes les demandes de reproduction et\/ou repr\u00e9sentation et\/ou rediffusion doivent \u00eatre envoy\u00e9es \u00e0 l\u2019adresse email : <\/span>info@mecalv.com<span style=\"font-weight: 400;\">. De m\u00eame, les bases de donn\u00e9es d\u2019informations sont prot\u00e9g\u00e9es. Toute extraction ou tentative d\u2019extraction, fut- elle totale ou partielle, est susceptible d\u2019engager les responsabilit\u00e9s civile et p\u00e9nale de tout contrevenant. Les particuliers sont autoris\u00e9s \u00e0 utiliser le site dans un cadre strictement priv\u00e9 en respectant les conditions suivantes : le mat\u00e9riel imprim\u00e9 ne peut \u00eatre utilis\u00e9 \u00e0 des fins commerciales ; toute copie effectu\u00e9e garde les m\u00eames droits de copyright que le mat\u00e9riel original ; la technologie et les proc\u00e9d\u00e9s utilis\u00e9s dans le site peuvent \u00eatre sujets \u00e0 d\u2019autres droits de propri\u00e9t\u00e9 intellectuelle appartenant \u00e0 Renov Am\u00e9nagement ; les images diffus\u00e9es sur le site sont prot\u00e9g\u00e9es et ne peuvent \u00eatre reproduites sans le consentement \u00e9crit de leur propri\u00e9taire ; aucun logo ou aucune marque commerciale apparaissant sur le site ne peut \u00eatre imprim\u00e9 ou copi\u00e9 sauf en tant qu\u2019illustration faisant partie d\u2019un texte. Tous les droits de Renov am\u00e9nagement r\u00e9serv\u00e9s.<\/span>[\/vc_column_text][\/vc_column][\/vc_row]\n","protected":false},"excerpt":{"rendered":"<p>[vc_row type=&#8221;in_container&#8221; full_screen_row_position=&#8221;middle&#8221; column_margin=&#8221;default&#8221; column_direction=&#8221;default&#8221; column_direction_tablet=&#8221;default&#8221; column_direction_phone=&#8221;default&#8221; scene_position=&#8221;center&#8221; text_color=&#8221;dark&#8221; text_align=&#8221;left&#8221; row_border_radius=&#8221;none&#8221; row_border_radius_applies=&#8221;bg&#8221; overlay_strength=&#8221;0.3&#8243; gradient_direction=&#8221;left_to_right&#8221; shape_divider_position=&#8221;bottom&#8221; bg_image_animation=&#8221;none&#8221;][vc_column column_padding=&#8221;no-extra-padding&#8221; column_padding_tablet=&#8221;inherit&#8221; column_padding_phone=&#8221;inherit&#8221; column_padding_position=&#8221;all&#8221; column_element_spacing=&#8221;default&#8221; background_color_opacity=&#8221;1&#8243; background_hover_color_opacity=&#8221;1&#8243; column_shadow=&#8221;none&#8221; column_border_radius=&#8221;none&#8221; column_link_target=&#8221;_self&#8221; gradient_direction=&#8221;left_to_right&#8221; overlay_strength=&#8221;0.3&#8243; width=&#8221;1\/1&#8243; tablet_width_inherit=&#8221;default&#8221;&#8230;<\/p>\n","protected":false},"author":2,"featured_media":0,"parent":0,"menu_order":0,"comment_status":"closed","ping_status":"open","template":"","meta":{"footnotes":""},"class_list":["post-480","page","type-page","status-publish"],"yoast_head":"<!-- This site is optimized with the Yoast SEO plugin v27.1.1 - https:\/\/yoast.com\/product\/yoast-seo-wordpress\/ -->\n<title>Mentions l\u00e9gales - Mecalv am\u00e9nagement<\/title>\n<meta name=\"robots\" content=\"noindex, nofollow\" \/>\n<meta property=\"og:locale\" content=\"fr_FR\" \/>\n<meta property=\"og:type\" content=\"article\" \/>\n<meta property=\"og:title\" content=\"Mentions l\u00e9gales - Mecalv am\u00e9nagement\" \/>\n<meta property=\"og:description\" content=\"[vc_row type=&#8221;in_container&#8221; full_screen_row_position=&#8221;middle&#8221; column_margin=&#8221;default&#8221; column_direction=&#8221;default&#8221; column_direction_tablet=&#8221;default&#8221; column_direction_phone=&#8221;default&#8221; scene_position=&#8221;center&#8221; text_color=&#8221;dark&#8221; text_align=&#8221;left&#8221; row_border_radius=&#8221;none&#8221; row_border_radius_applies=&#8221;bg&#8221; overlay_strength=&#8221;0.3&#8243; gradient_direction=&#8221;left_to_right&#8221; shape_divider_position=&#8221;bottom&#8221; bg_image_animation=&#8221;none&#8221;][vc_column column_padding=&#8221;no-extra-padding&#8221; column_padding_tablet=&#8221;inherit&#8221; column_padding_phone=&#8221;inherit&#8221; column_padding_position=&#8221;all&#8221; column_element_spacing=&#8221;default&#8221; background_color_opacity=&#8221;1&#8243; background_hover_color_opacity=&#8221;1&#8243; column_shadow=&#8221;none&#8221; column_border_radius=&#8221;none&#8221; column_link_target=&#8221;_self&#8221; gradient_direction=&#8221;left_to_right&#8221; overlay_strength=&#8221;0.3&#8243; width=&#8221;1\/1&#8243; tablet_width_inherit=&#8221;default&#8221;...\" \/>\n<meta property=\"og:url\" content=\"https:\/\/mecalv.com\/renov-amenagement\/mentions-legales\/\" \/>\n<meta property=\"og:site_name\" content=\"Mecalv am\u00e9nagement\" \/>\n<meta property=\"article:modified_time\" content=\"2025-01-13T16:46:43+00:00\" \/>\n<meta name=\"twitter:card\" content=\"summary_large_image\" \/>\n<meta name=\"twitter:label1\" content=\"Dur\u00e9e de lecture estim\u00e9e\" \/>\n\t<meta name=\"twitter:data1\" content=\"3 minutes\" \/>\n<!-- \/ Yoast SEO plugin. -->","yoast_head_json":{"title":"Mentions l\u00e9gales - Mecalv am\u00e9nagement","robots":{"index":"noindex","follow":"nofollow"},"og_locale":"fr_FR","og_type":"article","og_title":"Mentions l\u00e9gales - Mecalv am\u00e9nagement","og_description":"[vc_row type=&#8221;in_container&#8221; full_screen_row_position=&#8221;middle&#8221; column_margin=&#8221;default&#8221; column_direction=&#8221;default&#8221; column_direction_tablet=&#8221;default&#8221; column_direction_phone=&#8221;default&#8221; scene_position=&#8221;center&#8221; text_color=&#8221;dark&#8221; text_align=&#8221;left&#8221; row_border_radius=&#8221;none&#8221; row_border_radius_applies=&#8221;bg&#8221; overlay_strength=&#8221;0.3&#8243; gradient_direction=&#8221;left_to_right&#8221; shape_divider_position=&#8221;bottom&#8221; bg_image_animation=&#8221;none&#8221;][vc_column column_padding=&#8221;no-extra-padding&#8221; column_padding_tablet=&#8221;inherit&#8221; column_padding_phone=&#8221;inherit&#8221; column_padding_position=&#8221;all&#8221; column_element_spacing=&#8221;default&#8221; background_color_opacity=&#8221;1&#8243; background_hover_color_opacity=&#8221;1&#8243; column_shadow=&#8221;none&#8221; column_border_radius=&#8221;none&#8221; column_link_target=&#8221;_self&#8221; gradient_direction=&#8221;left_to_right&#8221; overlay_strength=&#8221;0.3&#8243; width=&#8221;1\/1&#8243; tablet_width_inherit=&#8221;default&#8221;...","og_url":"https:\/\/mecalv.com\/renov-amenagement\/mentions-legales\/","og_site_name":"Mecalv am\u00e9nagement","article_modified_time":"2025-01-13T16:46:43+00:00","twitter_card":"summary_large_image","twitter_misc":{"Dur\u00e9e de lecture estim\u00e9e":"3 minutes"},"schema":{"@context":"https:\/\/schema.org","@graph":[{"@type":"WebPage","@id":"https:\/\/mecalv.com\/renov-amenagement\/mentions-legales\/","url":"https:\/\/mecalv.com\/renov-amenagement\/mentions-legales\/","name":"Mentions l\u00e9gales - Mecalv am\u00e9nagement","isPartOf":{"@id":"https:\/\/mecalv.com\/renov-amenagement\/#website"},"datePublished":"2022-08-19T11:42:06+00:00","dateModified":"2025-01-13T16:46:43+00:00","breadcrumb":{"@id":"https:\/\/mecalv.com\/renov-amenagement\/mentions-legales\/#breadcrumb"},"inLanguage":"fr-FR","potentialAction":[{"@type":"ReadAction","target":["https:\/\/mecalv.com\/renov-amenagement\/mentions-legales\/"]}]},{"@type":"BreadcrumbList","@id":"https:\/\/mecalv.com\/renov-amenagement\/mentions-legales\/#breadcrumb","itemListElement":[{"@type":"ListItem","position":1,"name":"Accueil","item":"https:\/\/mecalv.com\/renov-amenagement\/"},{"@type":"ListItem","position":2,"name":"Mentions l\u00e9gales"}]},{"@type":"WebSite","@id":"https:\/\/mecalv.com\/renov-amenagement\/#website","url":"https:\/\/mecalv.com\/renov-amenagement\/","name":"Mecalv am\u00e9nagement","description":"","potentialAction":[{"@type":"SearchAction","target":{"@type":"EntryPoint","urlTemplate":"https:\/\/mecalv.com\/renov-amenagement\/?s={search_term_string}"},"query-input":{"@type":"PropertyValueSpecification","valueRequired":true,"valueName":"search_term_string"}}],"inLanguage":"fr-FR"}]}},"_links":{"self":[{"href":"https:\/\/mecalv.com\/renov-amenagement\/wp-json\/wp\/v2\/pages\/480","targetHints":{"allow":["GET"]}}],"collection":[{"href":"https:\/\/mecalv.com\/renov-amenagement\/wp-json\/wp\/v2\/pages"}],"about":[{"href":"https:\/\/mecalv.com\/renov-amenagement\/wp-json\/wp\/v2\/types\/page"}],"author":[{"embeddable":true,"href":"https:\/\/mecalv.com\/renov-amenagement\/wp-json\/wp\/v2\/users\/2"}],"replies":[{"embeddable":true,"href":"https:\/\/mecalv.com\/renov-amenagement\/wp-json\/wp\/v2\/comments?post=480"}],"version-history":[{"count":9,"href":"https:\/\/mecalv.com\/renov-amenagement\/wp-json\/wp\/v2\/pages\/480\/revisions"}],"predecessor-version":[{"id":781,"href":"https:\/\/mecalv.com\/renov-amenagement\/wp-json\/wp\/v2\/pages\/480\/revisions\/781"}],"wp:attachment":[{"href":"https:\/\/mecalv.com\/renov-amenagement\/wp-json\/wp\/v2\/media?parent=480"}],"curies":[{"name":"wp","href":"https:\/\/api.w.org\/{rel}","templated":true}]}}