{"id":685,"date":"2022-11-09T12:36:14","date_gmt":"2022-11-09T11:36:14","guid":{"rendered":"https:\/\/mecalv.com\/erihum\/?page_id=685"},"modified":"2023-03-14T16:28:07","modified_gmt":"2023-03-14T15:28:07","slug":"cout-travaux-renovation","status":"publish","type":"page","link":"https:\/\/mecalv.com\/renov-amenagement\/cout-travaux-renovation\/","title":{"rendered":"Comment \u00e9valuer le co\u00fbt des travaux de r\u00e9novation ?"},"content":{"rendered":"[vc_row type=&#8221;in_container&#8221; full_screen_row_position=&#8221;middle&#8221; column_margin=&#8221;default&#8221; column_direction=&#8221;default&#8221; column_direction_tablet=&#8221;default&#8221; column_direction_phone=&#8221;default&#8221; scene_position=&#8221;center&#8221; top_padding=&#8221;2%&#8221; bottom_padding=&#8221;5%&#8221; left_padding_desktop=&#8221;5%&#8221; constrain_group_2=&#8221;yes&#8221; right_padding_desktop=&#8221;5%&#8221; text_color=&#8221;dark&#8221; text_align=&#8221;left&#8221; row_border_radius=&#8221;none&#8221; row_border_radius_applies=&#8221;bg&#8221; overflow=&#8221;visible&#8221; advanced_gradient_angle=&#8221;0&#8243; overlay_strength=&#8221;0.3&#8243; gradient_direction=&#8221;left_to_right&#8221; shape_divider_position=&#8221;bottom&#8221; bg_image_animation=&#8221;none&#8221; gradient_type=&#8221;default&#8221; shape_type=&#8221;&#8221;][vc_column column_padding=&#8221;no-extra-padding&#8221; column_padding_tablet=&#8221;inherit&#8221; column_padding_phone=&#8221;inherit&#8221; column_padding_position=&#8221;all&#8221; column_element_spacing=&#8221;default&#8221; background_color_opacity=&#8221;1&#8243; background_hover_color_opacity=&#8221;1&#8243; column_shadow=&#8221;none&#8221; column_border_radius=&#8221;none&#8221; column_link_target=&#8221;_self&#8221; column_position=&#8221;default&#8221; gradient_direction=&#8221;left_to_right&#8221; overlay_strength=&#8221;0.3&#8243; width=&#8221;1\/1&#8243; tablet_width_inherit=&#8221;default&#8221; tablet_text_alignment=&#8221;default&#8221; phone_text_alignment=&#8221;default&#8221; animation_type=&#8221;default&#8221; bg_image_animation=&#8221;none&#8221; border_type=&#8221;simple&#8221; column_border_width=&#8221;none&#8221; column_border_style=&#8221;solid&#8221;][vc_column_text]Cela fait un moment que vous souhaitez d\u00e9marrer un projet de r\u00e9novation chez vous ? Cependant, vous ne savez pas combien cela risque de vous co\u00fbter. En effet, de nombreux facteurs sont \u00e0 prendre en compte pour pouvoir faire une estimation de la profondeur de vos travaux, puis du prix \u00e0 pr\u00e9voir en passant par une <a href=\"\/\">entreprise de r\u00e9novation en martinique<\/a>. Ces r\u00e9novations seront-elles simples et rapides ? Ou plut\u00f4t longues et fastidieuses ?<\/p>\n<p>Voyons ensemble comment \u00e9valuer le co\u00fbt des travaux de r\u00e9novation.[\/vc_column_text][image_with_animation image_url=&#8221;687&#8243; image_size=&#8221;full&#8221; animation_type=&#8221;entrance&#8221; animation=&#8221;None&#8221; hover_animation=&#8221;none&#8221; alignment=&#8221;center&#8221; border_radius=&#8221;none&#8221; box_shadow=&#8221;none&#8221; image_loading=&#8221;lazy-load&#8221; max_width=&#8221;100%&#8221; max_width_mobile=&#8221;default&#8221;][vc_column_text]\n<h2>Tout d\u2019abord, quelle partie de votre maison souhaitez-vous r\u00e9nover ?<\/h2>\n<p>C\u2019est la premi\u00e8re question que vous devez vous poser car chaque pi\u00e8ce et chaque superficie poss\u00e8dent une estimation de prix diff\u00e9rents. Sont-ils en int\u00e9rieur (sol, mur, plomberie, \u00e9lectricit\u00e9) ou en ext\u00e9rieur (toiture, jardin, garage, piscine) ? Car l\u00e0 aussi, les prix de travaux sont diff\u00e9rents d\u2019un besoin \u00e0 l\u2019autre. Enfin, la profondeur de vos travaux peut tr\u00e8s bien faire monter le prix du double au triple selon la complexit\u00e9, l\u2019\u00e9tat et l\u2019anciennet\u00e9 de votre maison.[\/vc_column_text][vc_row_inner column_margin=&#8221;default&#8221; column_direction=&#8221;default&#8221; column_direction_tablet=&#8221;default&#8221; column_direction_phone=&#8221;default&#8221; text_align=&#8221;center&#8221; row_position=&#8221;default&#8221; row_position_tablet=&#8221;inherit&#8221; row_position_phone=&#8221;inherit&#8221; overflow=&#8221;visible&#8221; pointer_events=&#8221;all&#8221;][vc_column_inner column_padding=&#8221;no-extra-padding&#8221; column_padding_tablet=&#8221;inherit&#8221; column_padding_phone=&#8221;inherit&#8221; column_padding_position=&#8221;all&#8221; column_element_spacing=&#8221;default&#8221; background_color_opacity=&#8221;1&#8243; background_hover_color_opacity=&#8221;1&#8243; column_shadow=&#8221;none&#8221; column_border_radius=&#8221;none&#8221; column_link_target=&#8221;_self&#8221; gradient_direction=&#8221;left_to_right&#8221; overlay_strength=&#8221;0.3&#8243; width=&#8221;1\/1&#8243; tablet_width_inherit=&#8221;default&#8221; animation_type=&#8221;default&#8221; bg_image_animation=&#8221;none&#8221; border_type=&#8221;simple&#8221; column_border_width=&#8221;none&#8221; column_border_style=&#8221;solid&#8221;][nectar_btn size=&#8221;large&#8221; button_style=&#8221;regular&#8221; button_color_2=&#8221;Accent-Color&#8221; icon_family=&#8221;none&#8221; text=&#8221;Nos conseils pour financer facilement les travaux de votre maison&#8221; url=&#8221;\/financement-travaux-renovation\/&#8221;][\/vc_column_inner][\/vc_row_inner][vc_column_text]\n<h2>Quel est le prix moyen d\u2019une r\u00e9novation ?<\/h2>\n<p>Pour une r\u00e9novation simple de votre logement, vous pouvez compter une fourchette de prix entre 150 et 300 euros par m\u00b2. Pour une r\u00e9novation moyenne avec notamment des <a href=\"\/travaux-renovation-energetique\/\">travaux d&#8217;am\u00e9lioration de la consommation \u00e9nerg\u00e9tique<\/a>, les tarifs tournent autour de 300 \u00e0 600 euros le m\u00b2. Finalement, pour une tr\u00e8s grosse, voire totale r\u00e9novation des lieux, les prix oscillent entre 600 et 1200 euros pour le m\u00b2. Eh oui, c\u2019est un sacr\u00e9 budget qu\u2019il faut pr\u00e9voir \u00e0 l\u2019avance.<\/p>\n<p>Si vous devez effectuer des travaux de finition comme refaire la peinture, les fa\u00e7ades de prises ou changer le papier peint, le parquet, le carrelage, la moquette ou un autre type de sols, vous \u00eates aux alentours de 20 euros par m\u00b2 minimum.<\/p>\n<p>Renseignez-vous dans diff\u00e9rents magasins de bricolage, mais aussi aupr\u00e8s de professionnels ou m\u00eame sur des sites sp\u00e9cialis\u00e9s r\u00e9f\u00e9renc\u00e9s sur Internet. Ces derniers comparent les prix pour savoir si des offres ou des r\u00e9ductions sont possibles. Ils peuvent \u00e9galement vous aiguiller vers des prestataires de choix afin de r\u00e9duire les co\u00fbts.<\/p>\n<p>N\u2019h\u00e9sitez pas \u00e0 demander des devis \u00e0 plusieurs fournisseurs diff\u00e9rents et \u00e0 comparer les prix ! Cela demande du temps, certes, mais cette comparaison peut aussi vous permettre de faire des \u00e9conomies importantes.[\/vc_column_text][\/vc_column][\/vc_row]\n","protected":false},"excerpt":{"rendered":"<p>[vc_row type=&#8221;in_container&#8221; full_screen_row_position=&#8221;middle&#8221; column_margin=&#8221;default&#8221; column_direction=&#8221;default&#8221; column_direction_tablet=&#8221;default&#8221; column_direction_phone=&#8221;default&#8221; scene_position=&#8221;center&#8221; top_padding=&#8221;2%&#8221; bottom_padding=&#8221;5%&#8221; left_padding_desktop=&#8221;5%&#8221; constrain_group_2=&#8221;yes&#8221; right_padding_desktop=&#8221;5%&#8221; text_color=&#8221;dark&#8221; text_align=&#8221;left&#8221; row_border_radius=&#8221;none&#8221; row_border_radius_applies=&#8221;bg&#8221; overflow=&#8221;visible&#8221; advanced_gradient_angle=&#8221;0&#8243; overlay_strength=&#8221;0.3&#8243; gradient_direction=&#8221;left_to_right&#8221; shape_divider_position=&#8221;bottom&#8221; bg_image_animation=&#8221;none&#8221; gradient_type=&#8221;default&#8221; shape_type=&#8221;&#8221;][vc_column column_padding=&#8221;no-extra-padding&#8221; column_padding_tablet=&#8221;inherit&#8221; column_padding_phone=&#8221;inherit&#8221; column_padding_position=&#8221;all&#8221; column_element_spacing=&#8221;default&#8221;&#8230;<\/p>\n","protected":false},"author":2,"featured_media":687,"parent":0,"menu_order":0,"comment_status":"closed","ping_status":"closed","template":"","meta":{"footnotes":""},"class_list":["post-685","page","type-page","status-publish","has-post-thumbnail"],"yoast_head":"<!-- This site is optimized with the Yoast SEO plugin v27.1.1 - https:\/\/yoast.com\/product\/yoast-seo-wordpress\/ -->\n<title>Comment \u00e9valuer le co\u00fbt des travaux de r\u00e9novation ?<\/title>\n<meta name=\"description\" content=\"Cela fait un moment que vous souhaitez d\u00e9marrer un projet de r\u00e9novation, cependant, vous ne savez pas combien cela risque de vous co\u00fbter ?\" \/>\n<meta name=\"robots\" content=\"index, follow, max-snippet:-1, max-image-preview:large, max-video-preview:-1\" \/>\n<link rel=\"canonical\" href=\"https:\/\/mecalv.com\/renov-amenagement\/cout-travaux-renovation\/\" \/>\n<meta property=\"og:locale\" content=\"fr_FR\" \/>\n<meta property=\"og:type\" content=\"article\" \/>\n<meta property=\"og:title\" content=\"Comment \u00e9valuer le co\u00fbt des travaux de r\u00e9novation ?\" \/>\n<meta property=\"og:description\" content=\"Cela fait un moment que vous souhaitez d\u00e9marrer un projet de r\u00e9novation, cependant, vous ne savez pas combien cela risque de vous co\u00fbter ?\" \/>\n<meta property=\"og:url\" content=\"https:\/\/mecalv.com\/renov-amenagement\/cout-travaux-renovation\/\" \/>\n<meta property=\"og:site_name\" content=\"Mecalv am\u00e9nagement\" \/>\n<meta property=\"article:modified_time\" content=\"2023-03-14T15:28:07+00:00\" \/>\n<meta property=\"og:image\" content=\"https:\/\/mecalv.com\/renov-amenagement\/wp-content\/uploads\/sites\/4\/2022\/11\/prix-metre-carre-travaux-renovation.jpeg\" \/>\n\t<meta property=\"og:image:width\" content=\"800\" \/>\n\t<meta property=\"og:image:height\" content=\"532\" \/>\n\t<meta property=\"og:image:type\" content=\"image\/jpeg\" \/>\n<meta name=\"twitter:card\" content=\"summary_large_image\" \/>\n<meta name=\"twitter:label1\" content=\"Dur\u00e9e de lecture estim\u00e9e\" \/>\n\t<meta name=\"twitter:data1\" content=\"3 minutes\" \/>\n<!-- \/ Yoast SEO plugin. -->","yoast_head_json":{"title":"Comment \u00e9valuer le co\u00fbt des travaux de r\u00e9novation ?","description":"Cela fait un moment que vous souhaitez d\u00e9marrer un projet de r\u00e9novation, cependant, vous ne savez pas combien cela risque de vous co\u00fbter ?","robots":{"index":"index","follow":"follow","max-snippet":"max-snippet:-1","max-image-preview":"max-image-preview:large","max-video-preview":"max-video-preview:-1"},"canonical":"https:\/\/mecalv.com\/renov-amenagement\/cout-travaux-renovation\/","og_locale":"fr_FR","og_type":"article","og_title":"Comment \u00e9valuer le co\u00fbt des travaux de r\u00e9novation ?","og_description":"Cela fait un moment que vous souhaitez d\u00e9marrer un projet de r\u00e9novation, cependant, vous ne savez pas combien cela risque de vous co\u00fbter ?","og_url":"https:\/\/mecalv.com\/renov-amenagement\/cout-travaux-renovation\/","og_site_name":"Mecalv am\u00e9nagement","article_modified_time":"2023-03-14T15:28:07+00:00","og_image":[{"width":800,"height":532,"url":"https:\/\/mecalv.com\/renov-amenagement\/wp-content\/uploads\/sites\/4\/2022\/11\/prix-metre-carre-travaux-renovation.jpeg","type":"image\/jpeg"}],"twitter_card":"summary_large_image","twitter_misc":{"Dur\u00e9e de lecture estim\u00e9e":"3 minutes"},"schema":{"@context":"https:\/\/schema.org","@graph":[{"@type":"WebPage","@id":"https:\/\/mecalv.com\/renov-amenagement\/cout-travaux-renovation\/","url":"https:\/\/mecalv.com\/renov-amenagement\/cout-travaux-renovation\/","name":"Comment \u00e9valuer le co\u00fbt des travaux de r\u00e9novation ?","isPartOf":{"@id":"https:\/\/mecalv.com\/renov-amenagement\/#website"},"primaryImageOfPage":{"@id":"https:\/\/mecalv.com\/renov-amenagement\/cout-travaux-renovation\/#primaryimage"},"image":{"@id":"https:\/\/mecalv.com\/renov-amenagement\/cout-travaux-renovation\/#primaryimage"},"thumbnailUrl":"https:\/\/mecalv.com\/renov-amenagement\/wp-content\/uploads\/sites\/4\/2022\/11\/prix-metre-carre-travaux-renovation.jpeg","datePublished":"2022-11-09T11:36:14+00:00","dateModified":"2023-03-14T15:28:07+00:00","description":"Cela fait un moment que vous souhaitez d\u00e9marrer un projet de r\u00e9novation, cependant, vous ne savez pas combien cela risque de vous co\u00fbter ?","breadcrumb":{"@id":"https:\/\/mecalv.com\/renov-amenagement\/cout-travaux-renovation\/#breadcrumb"},"inLanguage":"fr-FR","potentialAction":[{"@type":"ReadAction","target":["https:\/\/mecalv.com\/renov-amenagement\/cout-travaux-renovation\/"]}]},{"@type":"ImageObject","inLanguage":"fr-FR","@id":"https:\/\/mecalv.com\/renov-amenagement\/cout-travaux-renovation\/#primaryimage","url":"https:\/\/mecalv.com\/renov-amenagement\/wp-content\/uploads\/sites\/4\/2022\/11\/prix-metre-carre-travaux-renovation.jpeg","contentUrl":"https:\/\/mecalv.com\/renov-amenagement\/wp-content\/uploads\/sites\/4\/2022\/11\/prix-metre-carre-travaux-renovation.jpeg","width":800,"height":532,"caption":"prix metre carre travaux renovation"},{"@type":"BreadcrumbList","@id":"https:\/\/mecalv.com\/renov-amenagement\/cout-travaux-renovation\/#breadcrumb","itemListElement":[{"@type":"ListItem","position":1,"name":"Accueil","item":"https:\/\/mecalv.com\/renov-amenagement\/"},{"@type":"ListItem","position":2,"name":"Comment \u00e9valuer le co\u00fbt des travaux de r\u00e9novation ?"}]},{"@type":"WebSite","@id":"https:\/\/mecalv.com\/renov-amenagement\/#website","url":"https:\/\/mecalv.com\/renov-amenagement\/","name":"Mecalv am\u00e9nagement","description":"","potentialAction":[{"@type":"SearchAction","target":{"@type":"EntryPoint","urlTemplate":"https:\/\/mecalv.com\/renov-amenagement\/?s={search_term_string}"},"query-input":{"@type":"PropertyValueSpecification","valueRequired":true,"valueName":"search_term_string"}}],"inLanguage":"fr-FR"}]}},"_links":{"self":[{"href":"https:\/\/mecalv.com\/renov-amenagement\/wp-json\/wp\/v2\/pages\/685","targetHints":{"allow":["GET"]}}],"collection":[{"href":"https:\/\/mecalv.com\/renov-amenagement\/wp-json\/wp\/v2\/pages"}],"about":[{"href":"https:\/\/mecalv.com\/renov-amenagement\/wp-json\/wp\/v2\/types\/page"}],"author":[{"embeddable":true,"href":"https:\/\/mecalv.com\/renov-amenagement\/wp-json\/wp\/v2\/users\/2"}],"replies":[{"embeddable":true,"href":"https:\/\/mecalv.com\/renov-amenagement\/wp-json\/wp\/v2\/comments?post=685"}],"version-history":[{"count":4,"href":"https:\/\/mecalv.com\/renov-amenagement\/wp-json\/wp\/v2\/pages\/685\/revisions"}],"predecessor-version":[{"id":726,"href":"https:\/\/mecalv.com\/renov-amenagement\/wp-json\/wp\/v2\/pages\/685\/revisions\/726"}],"wp:featuredmedia":[{"embeddable":true,"href":"https:\/\/mecalv.com\/renov-amenagement\/wp-json\/wp\/v2\/media\/687"}],"wp:attachment":[{"href":"https:\/\/mecalv.com\/renov-amenagement\/wp-json\/wp\/v2\/media?parent=685"}],"curies":[{"name":"wp","href":"https:\/\/api.w.org\/{rel}","templated":true}]}}