{"id":694,"date":"2022-11-09T13:06:59","date_gmt":"2022-11-09T12:06:59","guid":{"rendered":"https:\/\/mecalv.com\/erihum\/?page_id=694"},"modified":"2023-03-14T16:30:08","modified_gmt":"2023-03-14T15:30:08","slug":"financement-travaux-renovation","status":"publish","type":"page","link":"https:\/\/mecalv.com\/renov-amenagement\/financement-travaux-renovation\/","title":{"rendered":"Comment financer ses travaux de r\u00e9novation ?"},"content":{"rendered":"[vc_row type=&#8221;in_container&#8221; full_screen_row_position=&#8221;middle&#8221; column_margin=&#8221;default&#8221; column_direction=&#8221;default&#8221; column_direction_tablet=&#8221;default&#8221; column_direction_phone=&#8221;default&#8221; scene_position=&#8221;center&#8221; top_padding=&#8221;2%&#8221; bottom_padding=&#8221;5%&#8221; left_padding_desktop=&#8221;5%&#8221; constrain_group_2=&#8221;yes&#8221; right_padding_desktop=&#8221;5%&#8221; text_color=&#8221;dark&#8221; text_align=&#8221;left&#8221; row_border_radius=&#8221;none&#8221; row_border_radius_applies=&#8221;bg&#8221; overflow=&#8221;visible&#8221; advanced_gradient_angle=&#8221;0&#8243; overlay_strength=&#8221;0.3&#8243; gradient_direction=&#8221;left_to_right&#8221; shape_divider_position=&#8221;bottom&#8221; bg_image_animation=&#8221;none&#8221; gradient_type=&#8221;default&#8221; shape_type=&#8221;&#8221;][vc_column column_padding=&#8221;no-extra-padding&#8221; column_padding_tablet=&#8221;inherit&#8221; column_padding_phone=&#8221;inherit&#8221; column_padding_position=&#8221;all&#8221; column_element_spacing=&#8221;default&#8221; background_color_opacity=&#8221;1&#8243; background_hover_color_opacity=&#8221;1&#8243; column_shadow=&#8221;none&#8221; column_border_radius=&#8221;none&#8221; column_link_target=&#8221;_self&#8221; column_position=&#8221;default&#8221; gradient_direction=&#8221;left_to_right&#8221; overlay_strength=&#8221;0.3&#8243; width=&#8221;1\/1&#8243; tablet_width_inherit=&#8221;default&#8221; tablet_text_alignment=&#8221;default&#8221; phone_text_alignment=&#8221;default&#8221; animation_type=&#8221;default&#8221; bg_image_animation=&#8221;none&#8221; border_type=&#8221;simple&#8221; column_border_width=&#8221;none&#8221; column_border_style=&#8221;solid&#8221;][vc_column_text]Entreprendre des <a href=\"\/\">travaux de r\u00e9novation<\/a> comporte un co\u00fbt tr\u00e8s important, ce qui n\u2019est pas forc\u00e9ment \u00e0 la port\u00e9e de tous les portefeuilles. Cependant, il existe des solutions qui vous permettront d\u2019amoindrir les d\u00e9penses. Qu&#8217;il s\u2019agisse de travaux de r\u00e9novation, d\u2019isolation ou d\u2019agrandissement, une solution peut \u00eatre trouv\u00e9e. Voici quelques pistes de financement pour votre projet.[\/vc_column_text][image_with_animation image_url=&#8221;696&#8243; image_size=&#8221;full&#8221; animation_type=&#8221;entrance&#8221; animation=&#8221;None&#8221; hover_animation=&#8221;none&#8221; alignment=&#8221;center&#8221; border_radius=&#8221;none&#8221; box_shadow=&#8221;none&#8221; image_loading=&#8221;lazy-load&#8221; max_width=&#8221;100%&#8221; max_width_mobile=&#8221;default&#8221;][vc_column_text]\n<h2>Quelles aides existent pour vos travaux de r\u00e9novation ?<\/h2>\n<p>Vous pouvez faire un pr\u00eat personnel de cr\u00e9dit travaux. Renseignez-vous au pr\u00e9alable et n\u2019h\u00e9sitez pas \u00e0 comparer les offres de plusieurs banques diff\u00e9rentes pour pouvoir choisir au mieux, en comparant les avantages et les inconv\u00e9nients de chaque pr\u00eat.<\/p>\n<p>Premi\u00e8re option : l\u2019\u00e9co pr\u00eat \u00e0 taux z\u00e9ro (ou Eco-PTZ) est une aide sans int\u00e9r\u00eat d\u2019un montant maximum de 50 000 euros. Pour l\u2019obtenir, vous devez \u00eatre propri\u00e9taire occupant ou bailleur depuis plus de 2 ans. Cette aide est attribu\u00e9e sans condition de ressources pour les travaux ponctuelles, les r\u00e9novations globales ou les r\u00e9habilitations de votre installation d\u2019assainissement non collectif. Autre chose, les travaux ne peuvent \u00eatre r\u00e9alis\u00e9s que par une entreprise \u201cReconnue garant de l\u2019environnement&#8221; (RGE).<\/p>\n<p>Seconde option : le pr\u00eat d\u2019am\u00e9lioration habitat vous est accord\u00e9 que vous soyez propri\u00e9taire ou locataire de votre logement principal et b\u00e9n\u00e9ficiaire de prestations familiales par la CAF. Ce pr\u00eat permet de <a href=\"\/travaux-renovation-energetique\/\">financer les travaux de r\u00e9novation ou d\u2019isolation thermique<\/a> de votre logement pour un taux d\u2019int\u00e9r\u00eat de 1 %. Son montant peut atteindre jusqu\u2019\u00e0 80 % du montant de la d\u00e9pense dans la limite de 1 067,14 euros et doit \u00eatre rembours\u00e9 3 ans maximum apr\u00e8s son attribution.<\/p>\n<p>Troisi\u00e8me option : le pr\u00eat d\u2019\u00e9pargne logement d\u00e9livr\u00e9 aux titulaires d\u2019un plan \u00e9pargne logement (un PEL) ou d\u2019un compte \u00e9pargne logement (un CEL). Il vous permet de <a href=\"\/cout-travaux-renovation\/\">financer le co\u00fbt de certains travaux<\/a> contribuant \u00e0 la r\u00e9paration, l\u2019am\u00e9lioration, la construction ou l\u2019achat de votre r\u00e9sidence principale ou du terrain propice pour sa construction.<\/p>\n<p>Le montant maximum est de 92 000 euros.[\/vc_column_text][vc_column_text]\n<h2>Pourquoi ne pas demander une subvention de l\u2019ANAH ?<\/h2>\n<p>L\u2019ANAH, Agence Nationale de l\u2019Habitat est un \u00e9tablissement public qui a pour but d\u2019am\u00e9liorer les logements priv\u00e9s et de lutter contre la pr\u00e9carit\u00e9 \u00e9nerg\u00e9tique que peuvent subir certaines personnes. Cette agence effectue les r\u00e9novations thermiques d\u2019un logement ainsi qu\u2019un accompagnement et des aides financi\u00e8res.<\/p>\n<p>Les personnes \u00e9ligibles \u00e0 cette subvention sont les bailleurs et les propri\u00e9taires de nationalit\u00e9 fran\u00e7aise qui occupent le logement et qui souhaitent am\u00e9liorer les performances \u00e9nerg\u00e9tiques de chez eux. Cependant, certaines conditions peuvent s\u2019appliquer en suppl\u00e9mentant, comme les ressources financi\u00e8res, les gains \u00e9nerg\u00e9tiques potentiels apr\u00e8s les travaux et bien s\u00fbr le type de travaux souhait\u00e9. Attention, tous les types de travaux ne sont pas pris en charge.<\/p>\n<p>Autres crit\u00e8res d\u2019\u00e9ligibilit\u00e9, votre logement doit avoir au minimum 15 ans et le montant des travaux doit \u00eatre \u00e9valu\u00e9 \u00e0 1 500 euros au minimum.[\/vc_column_text][\/vc_column][\/vc_row]\n","protected":false},"excerpt":{"rendered":"<p>[vc_row type=&#8221;in_container&#8221; full_screen_row_position=&#8221;middle&#8221; column_margin=&#8221;default&#8221; column_direction=&#8221;default&#8221; column_direction_tablet=&#8221;default&#8221; column_direction_phone=&#8221;default&#8221; scene_position=&#8221;center&#8221; top_padding=&#8221;2%&#8221; bottom_padding=&#8221;5%&#8221; left_padding_desktop=&#8221;5%&#8221; constrain_group_2=&#8221;yes&#8221; right_padding_desktop=&#8221;5%&#8221; text_color=&#8221;dark&#8221; text_align=&#8221;left&#8221; row_border_radius=&#8221;none&#8221; row_border_radius_applies=&#8221;bg&#8221; overflow=&#8221;visible&#8221; advanced_gradient_angle=&#8221;0&#8243; overlay_strength=&#8221;0.3&#8243; gradient_direction=&#8221;left_to_right&#8221; shape_divider_position=&#8221;bottom&#8221; bg_image_animation=&#8221;none&#8221; gradient_type=&#8221;default&#8221; shape_type=&#8221;&#8221;][vc_column column_padding=&#8221;no-extra-padding&#8221; column_padding_tablet=&#8221;inherit&#8221; column_padding_phone=&#8221;inherit&#8221; column_padding_position=&#8221;all&#8221; column_element_spacing=&#8221;default&#8221;&#8230;<\/p>\n","protected":false},"author":2,"featured_media":695,"parent":0,"menu_order":0,"comment_status":"closed","ping_status":"closed","template":"","meta":{"footnotes":""},"class_list":["post-694","page","type-page","status-publish","has-post-thumbnail"],"yoast_head":"<!-- This site is optimized with the Yoast SEO plugin v27.1.1 - https:\/\/yoast.com\/product\/yoast-seo-wordpress\/ -->\n<title>Comment financer ses travaux de r\u00e9novation facilement ?<\/title>\n<meta name=\"description\" content=\"Entreprendre des travaux de r\u00e9no comporte un co\u00fbt qui n\u2019est pas forc\u00e9ment \u00e0 la port\u00e9e de tous les portefeuilles, mais il existe des solutions\" \/>\n<meta name=\"robots\" content=\"index, follow, max-snippet:-1, max-image-preview:large, max-video-preview:-1\" \/>\n<link rel=\"canonical\" href=\"https:\/\/mecalv.com\/renov-amenagement\/financement-travaux-renovation\/\" \/>\n<meta property=\"og:locale\" content=\"fr_FR\" \/>\n<meta property=\"og:type\" content=\"article\" \/>\n<meta property=\"og:title\" content=\"Comment financer ses travaux de r\u00e9novation facilement ?\" \/>\n<meta property=\"og:description\" content=\"Entreprendre des travaux de r\u00e9no comporte un co\u00fbt qui n\u2019est pas forc\u00e9ment \u00e0 la port\u00e9e de tous les portefeuilles, mais il existe des solutions\" \/>\n<meta property=\"og:url\" content=\"https:\/\/mecalv.com\/renov-amenagement\/financement-travaux-renovation\/\" \/>\n<meta property=\"og:site_name\" content=\"Mecalv am\u00e9nagement\" \/>\n<meta property=\"article:modified_time\" content=\"2023-03-14T15:30:08+00:00\" \/>\n<meta property=\"og:image\" content=\"https:\/\/mecalv.com\/renov-amenagement\/wp-content\/uploads\/sites\/4\/2022\/11\/aide-financement-travaux.jpeg\" \/>\n\t<meta property=\"og:image:width\" content=\"1000\" \/>\n\t<meta property=\"og:image:height\" content=\"667\" \/>\n\t<meta property=\"og:image:type\" content=\"image\/jpeg\" \/>\n<meta name=\"twitter:card\" content=\"summary_large_image\" \/>\n<meta name=\"twitter:label1\" content=\"Dur\u00e9e de lecture estim\u00e9e\" \/>\n\t<meta name=\"twitter:data1\" content=\"3 minutes\" \/>\n<!-- \/ Yoast SEO plugin. -->","yoast_head_json":{"title":"Comment financer ses travaux de r\u00e9novation facilement ?","description":"Entreprendre des travaux de r\u00e9no comporte un co\u00fbt qui n\u2019est pas forc\u00e9ment \u00e0 la port\u00e9e de tous les portefeuilles, mais il existe des solutions","robots":{"index":"index","follow":"follow","max-snippet":"max-snippet:-1","max-image-preview":"max-image-preview:large","max-video-preview":"max-video-preview:-1"},"canonical":"https:\/\/mecalv.com\/renov-amenagement\/financement-travaux-renovation\/","og_locale":"fr_FR","og_type":"article","og_title":"Comment financer ses travaux de r\u00e9novation facilement ?","og_description":"Entreprendre des travaux de r\u00e9no comporte un co\u00fbt qui n\u2019est pas forc\u00e9ment \u00e0 la port\u00e9e de tous les portefeuilles, mais il existe des solutions","og_url":"https:\/\/mecalv.com\/renov-amenagement\/financement-travaux-renovation\/","og_site_name":"Mecalv am\u00e9nagement","article_modified_time":"2023-03-14T15:30:08+00:00","og_image":[{"width":1000,"height":667,"url":"https:\/\/mecalv.com\/renov-amenagement\/wp-content\/uploads\/sites\/4\/2022\/11\/aide-financement-travaux.jpeg","type":"image\/jpeg"}],"twitter_card":"summary_large_image","twitter_misc":{"Dur\u00e9e de lecture estim\u00e9e":"3 minutes"},"schema":{"@context":"https:\/\/schema.org","@graph":[{"@type":"WebPage","@id":"https:\/\/mecalv.com\/renov-amenagement\/financement-travaux-renovation\/","url":"https:\/\/mecalv.com\/renov-amenagement\/financement-travaux-renovation\/","name":"Comment financer ses travaux de r\u00e9novation facilement ?","isPartOf":{"@id":"https:\/\/mecalv.com\/renov-amenagement\/#website"},"primaryImageOfPage":{"@id":"https:\/\/mecalv.com\/renov-amenagement\/financement-travaux-renovation\/#primaryimage"},"image":{"@id":"https:\/\/mecalv.com\/renov-amenagement\/financement-travaux-renovation\/#primaryimage"},"thumbnailUrl":"https:\/\/mecalv.com\/renov-amenagement\/wp-content\/uploads\/sites\/4\/2022\/11\/aide-financement-travaux.jpeg","datePublished":"2022-11-09T12:06:59+00:00","dateModified":"2023-03-14T15:30:08+00:00","description":"Entreprendre des travaux de r\u00e9no comporte un co\u00fbt qui n\u2019est pas forc\u00e9ment \u00e0 la port\u00e9e de tous les portefeuilles, mais il existe des solutions","breadcrumb":{"@id":"https:\/\/mecalv.com\/renov-amenagement\/financement-travaux-renovation\/#breadcrumb"},"inLanguage":"fr-FR","potentialAction":[{"@type":"ReadAction","target":["https:\/\/mecalv.com\/renov-amenagement\/financement-travaux-renovation\/"]}]},{"@type":"ImageObject","inLanguage":"fr-FR","@id":"https:\/\/mecalv.com\/renov-amenagement\/financement-travaux-renovation\/#primaryimage","url":"https:\/\/mecalv.com\/renov-amenagement\/wp-content\/uploads\/sites\/4\/2022\/11\/aide-financement-travaux.jpeg","contentUrl":"https:\/\/mecalv.com\/renov-amenagement\/wp-content\/uploads\/sites\/4\/2022\/11\/aide-financement-travaux.jpeg","width":1000,"height":667,"caption":"aide financement travaux"},{"@type":"BreadcrumbList","@id":"https:\/\/mecalv.com\/renov-amenagement\/financement-travaux-renovation\/#breadcrumb","itemListElement":[{"@type":"ListItem","position":1,"name":"Accueil","item":"https:\/\/mecalv.com\/renov-amenagement\/"},{"@type":"ListItem","position":2,"name":"Comment financer ses travaux de r\u00e9novation ?"}]},{"@type":"WebSite","@id":"https:\/\/mecalv.com\/renov-amenagement\/#website","url":"https:\/\/mecalv.com\/renov-amenagement\/","name":"Mecalv am\u00e9nagement","description":"","potentialAction":[{"@type":"SearchAction","target":{"@type":"EntryPoint","urlTemplate":"https:\/\/mecalv.com\/renov-amenagement\/?s={search_term_string}"},"query-input":{"@type":"PropertyValueSpecification","valueRequired":true,"valueName":"search_term_string"}}],"inLanguage":"fr-FR"}]}},"_links":{"self":[{"href":"https:\/\/mecalv.com\/renov-amenagement\/wp-json\/wp\/v2\/pages\/694","targetHints":{"allow":["GET"]}}],"collection":[{"href":"https:\/\/mecalv.com\/renov-amenagement\/wp-json\/wp\/v2\/pages"}],"about":[{"href":"https:\/\/mecalv.com\/renov-amenagement\/wp-json\/wp\/v2\/types\/page"}],"author":[{"embeddable":true,"href":"https:\/\/mecalv.com\/renov-amenagement\/wp-json\/wp\/v2\/users\/2"}],"replies":[{"embeddable":true,"href":"https:\/\/mecalv.com\/renov-amenagement\/wp-json\/wp\/v2\/comments?post=694"}],"version-history":[{"count":2,"href":"https:\/\/mecalv.com\/renov-amenagement\/wp-json\/wp\/v2\/pages\/694\/revisions"}],"predecessor-version":[{"id":728,"href":"https:\/\/mecalv.com\/renov-amenagement\/wp-json\/wp\/v2\/pages\/694\/revisions\/728"}],"wp:featuredmedia":[{"embeddable":true,"href":"https:\/\/mecalv.com\/renov-amenagement\/wp-json\/wp\/v2\/media\/695"}],"wp:attachment":[{"href":"https:\/\/mecalv.com\/renov-amenagement\/wp-json\/wp\/v2\/media?parent=694"}],"curies":[{"name":"wp","href":"https:\/\/api.w.org\/{rel}","templated":true}]}}